{"id":2250,"date":"2025-08-05T10:30:38","date_gmt":"2025-08-05T10:30:38","guid":{"rendered":"https:\/\/fysica.ee\/toode\/%e7%94%b7%e5%a3%ab%e6%89%8b%e9%93%be-01929\/"},"modified":"2025-08-05T10:30:38","modified_gmt":"2025-08-05T10:30:38","slug":"%e7%94%b7%e5%a3%ab%e6%89%8b%e9%93%be-01929","status":"publish","type":"product","link":"https:\/\/www.fysica.ee\/zh-hans\/toode\/%e7%94%b7%e5%a3%ab%e6%89%8b%e9%93%be-01929\/","title":{"rendered":"\u7537\u58eb\u624b\u94fe &#8211; 01929"},"content":{"rendered":"<p>\u4ea7\u54c1\u4fe1\u606f\uff1a\u5305\u542b\u4e00\u4e2a\u9ed1\u8272\u5929\u9e45\u7ed2\u5c0f\u888b\u3002<\/p>\n<p>\u6750\u8d28\uff1a\u7194\u5ca9\u77f3\u3002\u7194\u5ca9\u77f3\u7531\u70bd\u70ed\u7684\u7194\u5ca9\u5f62\u6210\uff0c\u8574\u542b\u7740\u706b\u7684\u51c0\u5316\u80fd\u91cf\u3002\u5b83\u662f\u4e00\u79cd\u975e\u5e38\u6709\u6548\u7684\u80fd\u91cf\u51c0\u5316\u5668\u3001\u8f6c\u6362\u5668\u548c\u4f20\u8f93\u5668\u3002<\/p>\n<p>\u5b83\u4e0e\u5927\u5730\u5efa\u7acb\u8d77\u7262\u56fa\u7684\u8054\u7cfb\uff0c\u5e76\u5728\u4f60\u611f\u5230\u865a\u5f31\u65f6\u7ed9\u4e88\u4f60\u529b\u91cf\u3002\u5b83\u80fd\u8212\u7f13\u60c5\u7eea\uff0c\u91ca\u653e\u538b\u529b\uff0c\u5e76\u5e2e\u52a9\u4f60\u5b9e\u73b0\u76ee\u6807\u3002<\/p>\n","protected":false},"excerpt":{"rendered":"<p>\u4ea7\u54c1\u4fe1\u606f\uff1a\u5305\u542b\u4e00\u4e2a\u9ed1\u8272\u5929\u9e45\u7ed2\u5c0f\u888b\u3002 \u6750\u8d28 [&hellip;]<\/p>\n","protected":false},"featured_media":2115,"template":"","meta":{"site-sidebar-layout":"default","site-content-layout":"","ast-site-content-layout":"default","site-content-style":"default","site-sidebar-style":"default","ast-global-header-display":"","ast-banner-title-visibility":"","ast-main-header-display":"","ast-hfb-above-header-display":"","ast-hfb-below-header-display":"","ast-hfb-mobile-header-display":"","site-post-title":"","ast-breadcrumbs-content":"","ast-featured-img":"","footer-sml-layout":"","theme-transparent-header-meta":"default","adv-header-id-meta":"","stick-header-meta":"","header-above-stick-meta":"","header-main-stick-meta":"","header-below-stick-meta":"","astra-migrate-meta-layouts":"default","ast-page-background-enabled":"default","ast-page-background-meta":{"desktop":{"background-color":"var(--ast-global-color-4)","background-image":"","background-repeat":"repeat","background-position":"center center","background-size":"auto","background-attachment":"scroll","background-type":"","background-media":"","overlay-type":"","overlay-color":"","overlay-opacity":"","overlay-gradient":""},"tablet":{"background-color":"","background-image":"","background-repeat":"repeat","background-position":"center center","background-size":"auto","background-attachment":"scroll","background-type":"","background-media":"","overlay-type":"","overlay-color":"","overlay-opacity":"","overlay-gradient":""},"mobile":{"background-color":"","background-image":"","background-repeat":"repeat","background-position":"center center","background-size":"auto","background-attachment":"scroll","background-type":"","background-media":"","overlay-type":"","overlay-color":"","overlay-opacity":"","overlay-gradient":""}},"ast-content-background-meta":{"desktop":{"background-color":"var(--ast-global-color-5)","background-image":"","background-repeat":"repeat","background-position":"center center","background-size":"auto","background-attachment":"scroll","background-type":"","background-media":"","overlay-type":"","overlay-color":"","overlay-opacity":"","overlay-gradient":""},"tablet":{"background-color":"var(--ast-global-color-5)","background-image":"","background-repeat":"repeat","background-position":"center center","background-size":"auto","background-attachment":"scroll","background-type":"","background-media":"","overlay-type":"","overlay-color":"","overlay-opacity":"","overlay-gradient":""},"mobile":{"background-color":"var(--ast-global-color-5)","background-image":"","background-repeat":"repeat","background-position":"center center","background-size":"auto","background-attachment":"scroll","background-type":"","background-media":"","overlay-type":"","overlay-color":"","overlay-opacity":"","overlay-gradient":""}}},"product_brand":[],"product_cat":[116,128],"product_tag":[],"class_list":{"0":"post-2250","1":"product","2":"type-product","3":"status-publish","4":"has-post-thumbnail","6":"product_cat-116","7":"product_cat-128","8":"desktop-align-left","9":"tablet-align-left","10":"mobile-align-left","12":"first","13":"instock","14":"shipping-taxable","15":"purchasable","16":"product-type-simple"},"yoast_head":"<!-- This site is optimized with the Yoast SEO plugin v25.7 - https:\/\/yoast.com\/wordpress\/plugins\/seo\/ -->\n<title>\u7537\u58eb\u624b\u94fe - 01929 - Fysica O\u00dc - kvaliteetsed k\u00e4sit\u00f6\u00f6r\u00f5ivad<\/title>\n<meta name=\"robots\" content=\"index, follow, max-snippet:-1, max-image-preview:large, max-video-preview:-1\" \/>\n<link rel=\"canonical\" href=\"https:\/\/www.fysica.ee\/zh-hans\/toode\/%e7%94%b7%e5%a3%ab%e6%89%8b%e9%93%be-01929\/\" \/>\n<meta property=\"og:locale\" content=\"zh_CN\" \/>\n<meta property=\"og:type\" content=\"article\" \/>\n<meta property=\"og:title\" content=\"\u7537\u58eb\u624b\u94fe - 01929 - Fysica O\u00dc - kvaliteetsed k\u00e4sit\u00f6\u00f6r\u00f5ivad\" \/>\n<meta property=\"og:description\" content=\"\u4ea7\u54c1\u4fe1\u606f\uff1a\u5305\u542b\u4e00\u4e2a\u9ed1\u8272\u5929\u9e45\u7ed2\u5c0f\u888b\u3002 \u6750\u8d28 [&hellip;]\" \/>\n<meta property=\"og:url\" content=\"https:\/\/www.fysica.ee\/zh-hans\/toode\/%e7%94%b7%e5%a3%ab%e6%89%8b%e9%93%be-01929\/\" \/>\n<meta property=\"og:site_name\" content=\"Fysica O\u00dc - kvaliteetsed k\u00e4sit\u00f6\u00f6r\u00f5ivad\" \/>\n<meta property=\"og:image\" content=\"https:\/\/fysica.ee\/wp-content\/uploads\/2025\/08\/1000001929.jpg\" \/>\n\t<meta property=\"og:image:width\" content=\"1536\" \/>\n\t<meta property=\"og:image:height\" content=\"2048\" \/>\n\t<meta property=\"og:image:type\" content=\"image\/jpeg\" \/>\n<meta name=\"twitter:card\" content=\"summary_large_image\" \/>\n<script type=\"application\/ld+json\" class=\"yoast-schema-graph\">{\"@context\":\"https:\/\/schema.org\",\"@graph\":[{\"@type\":\"WebPage\",\"@id\":\"https:\/\/www.fysica.ee\/zh-hans\/toode\/%e7%94%b7%e5%a3%ab%e6%89%8b%e9%93%be-01929\/\",\"url\":\"https:\/\/www.fysica.ee\/zh-hans\/toode\/%e7%94%b7%e5%a3%ab%e6%89%8b%e9%93%be-01929\/\",\"name\":\"\u7537\u58eb\u624b\u94fe - 01929 - Fysica O\u00dc - kvaliteetsed k\u00e4sit\u00f6\u00f6r\u00f5ivad\",\"isPartOf\":{\"@id\":\"https:\/\/fysica.ee\/#website\"},\"primaryImageOfPage\":{\"@id\":\"https:\/\/www.fysica.ee\/zh-hans\/toode\/%e7%94%b7%e5%a3%ab%e6%89%8b%e9%93%be-01929\/#primaryimage\"},\"image\":{\"@id\":\"https:\/\/www.fysica.ee\/zh-hans\/toode\/%e7%94%b7%e5%a3%ab%e6%89%8b%e9%93%be-01929\/#primaryimage\"},\"thumbnailUrl\":\"https:\/\/www.fysica.ee\/wp-content\/uploads\/2025\/08\/1000001929.jpg\",\"datePublished\":\"2025-08-05T10:30:38+00:00\",\"breadcrumb\":{\"@id\":\"https:\/\/www.fysica.ee\/zh-hans\/toode\/%e7%94%b7%e5%a3%ab%e6%89%8b%e9%93%be-01929\/#breadcrumb\"},\"inLanguage\":\"zh-Hans\",\"potentialAction\":[{\"@type\":\"ReadAction\",\"target\":[\"https:\/\/www.fysica.ee\/zh-hans\/toode\/%e7%94%b7%e5%a3%ab%e6%89%8b%e9%93%be-01929\/\"]}]},{\"@type\":\"ImageObject\",\"inLanguage\":\"zh-Hans\",\"@id\":\"https:\/\/www.fysica.ee\/zh-hans\/toode\/%e7%94%b7%e5%a3%ab%e6%89%8b%e9%93%be-01929\/#primaryimage\",\"url\":\"https:\/\/www.fysica.ee\/wp-content\/uploads\/2025\/08\/1000001929.jpg\",\"contentUrl\":\"https:\/\/www.fysica.ee\/wp-content\/uploads\/2025\/08\/1000001929.jpg\",\"width\":1536,\"height\":2048},{\"@type\":\"BreadcrumbList\",\"@id\":\"https:\/\/www.fysica.ee\/zh-hans\/toode\/%e7%94%b7%e5%a3%ab%e6%89%8b%e9%93%be-01929\/#breadcrumb\",\"itemListElement\":[{\"@type\":\"ListItem\",\"position\":1,\"name\":\"Home\",\"item\":\"https:\/\/www.fysica.ee\/zh-hans\/\"},{\"@type\":\"ListItem\",\"position\":2,\"name\":\"\u5e97\u94fa\",\"item\":\"https:\/\/www.fysica.ee\/zh-hans\/%e5%ba%97%e9%93%ba\/\"},{\"@type\":\"ListItem\",\"position\":3,\"name\":\"\u7537\u58eb\u624b\u94fe &#8211; 01929\"}]},{\"@type\":\"WebSite\",\"@id\":\"https:\/\/fysica.ee\/#website\",\"url\":\"https:\/\/fysica.ee\/\",\"name\":\"Fysica O\u00dc - kvaliteetsed k\u00e4sit\u00f6\u00f6r\u00f5ivad\",\"description\":\"Fysica O\u00dc - kvaliteetsed k\u00e4sit\u00f6\u00f6r\u00f5ivad\",\"publisher\":{\"@id\":\"https:\/\/fysica.ee\/#organization\"},\"potentialAction\":[{\"@type\":\"SearchAction\",\"target\":{\"@type\":\"EntryPoint\",\"urlTemplate\":\"https:\/\/fysica.ee\/?s={search_term_string}\"},\"query-input\":{\"@type\":\"PropertyValueSpecification\",\"valueRequired\":true,\"valueName\":\"search_term_string\"}}],\"inLanguage\":\"zh-Hans\"},{\"@type\":\"Organization\",\"@id\":\"https:\/\/fysica.ee\/#organization\",\"name\":\"Fysica O\u00dc\",\"url\":\"https:\/\/fysica.ee\/\",\"logo\":{\"@type\":\"ImageObject\",\"inLanguage\":\"zh-Hans\",\"@id\":\"https:\/\/fysica.ee\/#\/schema\/logo\/image\/\",\"url\":\"https:\/\/www.fysica.ee\/wp-content\/uploads\/2024\/11\/Fysica-logo.png\",\"contentUrl\":\"https:\/\/www.fysica.ee\/wp-content\/uploads\/2024\/11\/Fysica-logo.png\",\"width\":390,\"height\":300,\"caption\":\"Fysica O\u00dc\"},\"image\":{\"@id\":\"https:\/\/fysica.ee\/#\/schema\/logo\/image\/\"}}]}<\/script>\n<!-- \/ Yoast SEO plugin. -->","yoast_head_json":{"title":"\u7537\u58eb\u624b\u94fe - 01929 - Fysica O\u00dc - kvaliteetsed k\u00e4sit\u00f6\u00f6r\u00f5ivad","robots":{"index":"index","follow":"follow","max-snippet":"max-snippet:-1","max-image-preview":"max-image-preview:large","max-video-preview":"max-video-preview:-1"},"canonical":"https:\/\/www.fysica.ee\/zh-hans\/toode\/%e7%94%b7%e5%a3%ab%e6%89%8b%e9%93%be-01929\/","og_locale":"zh_CN","og_type":"article","og_title":"\u7537\u58eb\u624b\u94fe - 01929 - Fysica O\u00dc - kvaliteetsed k\u00e4sit\u00f6\u00f6r\u00f5ivad","og_description":"\u4ea7\u54c1\u4fe1\u606f\uff1a\u5305\u542b\u4e00\u4e2a\u9ed1\u8272\u5929\u9e45\u7ed2\u5c0f\u888b\u3002 \u6750\u8d28 [&hellip;]","og_url":"https:\/\/www.fysica.ee\/zh-hans\/toode\/%e7%94%b7%e5%a3%ab%e6%89%8b%e9%93%be-01929\/","og_site_name":"Fysica O\u00dc - kvaliteetsed k\u00e4sit\u00f6\u00f6r\u00f5ivad","og_image":[{"width":1536,"height":2048,"url":"https:\/\/fysica.ee\/wp-content\/uploads\/2025\/08\/1000001929.jpg","type":"image\/jpeg"}],"twitter_card":"summary_large_image","schema":{"@context":"https:\/\/schema.org","@graph":[{"@type":"WebPage","@id":"https:\/\/www.fysica.ee\/zh-hans\/toode\/%e7%94%b7%e5%a3%ab%e6%89%8b%e9%93%be-01929\/","url":"https:\/\/www.fysica.ee\/zh-hans\/toode\/%e7%94%b7%e5%a3%ab%e6%89%8b%e9%93%be-01929\/","name":"\u7537\u58eb\u624b\u94fe - 01929 - Fysica O\u00dc - kvaliteetsed k\u00e4sit\u00f6\u00f6r\u00f5ivad","isPartOf":{"@id":"https:\/\/fysica.ee\/#website"},"primaryImageOfPage":{"@id":"https:\/\/www.fysica.ee\/zh-hans\/toode\/%e7%94%b7%e5%a3%ab%e6%89%8b%e9%93%be-01929\/#primaryimage"},"image":{"@id":"https:\/\/www.fysica.ee\/zh-hans\/toode\/%e7%94%b7%e5%a3%ab%e6%89%8b%e9%93%be-01929\/#primaryimage"},"thumbnailUrl":"https:\/\/www.fysica.ee\/wp-content\/uploads\/2025\/08\/1000001929.jpg","datePublished":"2025-08-05T10:30:38+00:00","breadcrumb":{"@id":"https:\/\/www.fysica.ee\/zh-hans\/toode\/%e7%94%b7%e5%a3%ab%e6%89%8b%e9%93%be-01929\/#breadcrumb"},"inLanguage":"zh-Hans","potentialAction":[{"@type":"ReadAction","target":["https:\/\/www.fysica.ee\/zh-hans\/toode\/%e7%94%b7%e5%a3%ab%e6%89%8b%e9%93%be-01929\/"]}]},{"@type":"ImageObject","inLanguage":"zh-Hans","@id":"https:\/\/www.fysica.ee\/zh-hans\/toode\/%e7%94%b7%e5%a3%ab%e6%89%8b%e9%93%be-01929\/#primaryimage","url":"https:\/\/www.fysica.ee\/wp-content\/uploads\/2025\/08\/1000001929.jpg","contentUrl":"https:\/\/www.fysica.ee\/wp-content\/uploads\/2025\/08\/1000001929.jpg","width":1536,"height":2048},{"@type":"BreadcrumbList","@id":"https:\/\/www.fysica.ee\/zh-hans\/toode\/%e7%94%b7%e5%a3%ab%e6%89%8b%e9%93%be-01929\/#breadcrumb","itemListElement":[{"@type":"ListItem","position":1,"name":"Home","item":"https:\/\/www.fysica.ee\/zh-hans\/"},{"@type":"ListItem","position":2,"name":"\u5e97\u94fa","item":"https:\/\/www.fysica.ee\/zh-hans\/%e5%ba%97%e9%93%ba\/"},{"@type":"ListItem","position":3,"name":"\u7537\u58eb\u624b\u94fe &#8211; 01929"}]},{"@type":"WebSite","@id":"https:\/\/fysica.ee\/#website","url":"https:\/\/fysica.ee\/","name":"Fysica O\u00dc - kvaliteetsed k\u00e4sit\u00f6\u00f6r\u00f5ivad","description":"Fysica O\u00dc - kvaliteetsed k\u00e4sit\u00f6\u00f6r\u00f5ivad","publisher":{"@id":"https:\/\/fysica.ee\/#organization"},"potentialAction":[{"@type":"SearchAction","target":{"@type":"EntryPoint","urlTemplate":"https:\/\/fysica.ee\/?s={search_term_string}"},"query-input":{"@type":"PropertyValueSpecification","valueRequired":true,"valueName":"search_term_string"}}],"inLanguage":"zh-Hans"},{"@type":"Organization","@id":"https:\/\/fysica.ee\/#organization","name":"Fysica O\u00dc","url":"https:\/\/fysica.ee\/","logo":{"@type":"ImageObject","inLanguage":"zh-Hans","@id":"https:\/\/fysica.ee\/#\/schema\/logo\/image\/","url":"https:\/\/www.fysica.ee\/wp-content\/uploads\/2024\/11\/Fysica-logo.png","contentUrl":"https:\/\/www.fysica.ee\/wp-content\/uploads\/2024\/11\/Fysica-logo.png","width":390,"height":300,"caption":"Fysica O\u00dc"},"image":{"@id":"https:\/\/fysica.ee\/#\/schema\/logo\/image\/"}}]}},"_links":{"self":[{"href":"https:\/\/www.fysica.ee\/zh-hans\/wp-json\/wp\/v2\/product\/2250","targetHints":{"allow":["GET"]}}],"collection":[{"href":"https:\/\/www.fysica.ee\/zh-hans\/wp-json\/wp\/v2\/product"}],"about":[{"href":"https:\/\/www.fysica.ee\/zh-hans\/wp-json\/wp\/v2\/types\/product"}],"wp:featuredmedia":[{"embeddable":true,"href":"https:\/\/www.fysica.ee\/zh-hans\/wp-json\/wp\/v2\/media\/2115"}],"wp:attachment":[{"href":"https:\/\/www.fysica.ee\/zh-hans\/wp-json\/wp\/v2\/media?parent=2250"}],"wp:term":[{"taxonomy":"product_brand","embeddable":true,"href":"https:\/\/www.fysica.ee\/zh-hans\/wp-json\/wp\/v2\/product_brand?post=2250"},{"taxonomy":"product_cat","embeddable":true,"href":"https:\/\/www.fysica.ee\/zh-hans\/wp-json\/wp\/v2\/product_cat?post=2250"},{"taxonomy":"product_tag","embeddable":true,"href":"https:\/\/www.fysica.ee\/zh-hans\/wp-json\/wp\/v2\/product_tag?post=2250"}],"curies":[{"name":"wp","href":"https:\/\/api.w.org\/{rel}","templated":true}]}}