{"id":1761,"date":"2024-12-12T13:02:25","date_gmt":"2024-12-12T13:02:25","guid":{"rendered":"https:\/\/fysica.ee\/%e9%94%80%e5%94%ae%e5%92%8c%e9%80%80%e8%b4%a7%e6%9d%a1%e6%ac%be\/"},"modified":"2024-12-12T13:02:25","modified_gmt":"2024-12-12T13:02:25","slug":"%e9%94%80%e5%94%ae%e5%92%8c%e9%80%80%e8%b4%a7%e6%9d%a1%e6%ac%be","status":"publish","type":"page","link":"https:\/\/www.fysica.ee\/zh-hans\/%e9%94%80%e5%94%ae%e5%92%8c%e9%80%80%e8%b4%a7%e6%9d%a1%e6%ac%be\/","title":{"rendered":"\u9500\u552e\u548c\u9000\u8d27\u6761\u6b3e"},"content":{"rendered":"<p>\u5728\u7ebf\u5546\u5e97 https:\/\/fysica.ee\uff08\u4ee5\u4e0b\u7b80\u79f0\u201c\u5728\u7ebf\u5546\u5e97\u201d\uff09\u7684\u6240\u6709\u8005\u4e3a Fysica O\u00dc\uff08\u6ce8\u518c\u4ee3\u7801 16717941\uff09\uff0c\u5730\u5740\u4e3a\uff1aKivi tn 4a-13, Vasalemma alevik, L\u00e4\u00e4ne-Harju \u6559\u533a, Harju \u53bf, 76101\u3002<\/p>\n<p>\u9500\u552e\u5408\u540c\u7684\u6709\u6548\u6027\u3001\u4ea7\u54c1\u548c\u4ef7\u683c\u4fe1\u606f<\/p>\n<p>\u4ece\u5728\u7ebf\u5546\u5e97\u8d2d\u4e70\u5546\u54c1\u65f6\uff0c\u9500\u552e\u6761\u6b3e\u548c\u6761\u4ef6\u9002\u7528\u3002<\/p>\n<p>\u5546\u54c1\u4fe1\u606f\u5728\u5728\u7ebf\u5546\u5e97\u7684\u5546\u54c1\u65c1\u8fb9\u663e\u793a\u3002<\/p>\n<p>\u5728\u7ebf\u5546\u5e97\u4e2d\u9500\u552e\u5546\u54c1\u7684\u4ef7\u683c\u5728\u5546\u54c1\u65c1\u8fb9\u663e\u793a\u3002\u5546\u54c1\u8fd0\u8d39\u5c06\u52a0\u5230\u4ef7\u683c\u4e2d\u3002<\/p>\n<p>\u5546\u54c1\u7684\u8fd0\u8d39\u53d6\u51b3\u4e8e\u4e70\u5bb6\u6240\u5728\u5730\u548c\u9001\u8d27\u65b9\u5f0f\u3002\u4e70\u5bb6\u4e0b\u5355\u65f6\u4f1a\u663e\u793a\u8fd0\u8d39\u3002<\/p>\n<p>\u7231\u6c99\u5c3c\u4e9a\u5883\u5185\u8fd0\u8d39\uff1a<\/p>\n<p>DHL \u5feb\u9012 \u2013 19.90<br \/>\n\u5546\u54c1\u5c06\u901a\u8fc7 DHL \u5feb\u9012\u5bc4\u9001\u3002<\/p>\n<p>\u4e0b\u5355<\/p>\n<p>\u8ba2\u8d2d\u5546\u54c1\u524d\uff0c\u8bf7\u5c06\u6240\u9700\u5546\u54c1\u6dfb\u52a0\u5230\u8d2d\u7269\u8f66\u3002\u4e0b\u5355\u524d\uff0c\u8bf7\u586b\u5199\u5fc5\u586b\u4fe1\u606f\u5e76\u9009\u62e9\u5408\u9002\u7684\u914d\u9001\u65b9\u5f0f\u3002\u8ba2\u5355\u91d1\u989d\u5c06\u663e\u793a\u5728\u5c4f\u5e55\u4e0a\uff0c\u60a8\u53ef\u4ee5\u901a\u8fc7\u4ee5\u4e0b\u65b9\u5f0f\u5b89\u5168\u652f\u4ed8\uff1a<\/p>\n<p>\u94f6\u884c\u8f6c\u8d26<br \/>\n\u94f6\u884c\u5361\u652f\u4ed8\u3002<br \/>\n\u5728\u7ebf\u5546\u5e97\u5546\u54c1\u4ef7\u683c\u4ee5\u6b27\u5143\u8ba1\u4ef7\u3002\u6211\u4eec\u4e5f\u63a5\u53d7\u6b27\u5143 (\u20ac) \u4ed8\u6b3e\u3002<\/p>\n<p>\u5408\u540c\u81ea\u6b3e\u9879\u6c47\u5165\u5728\u7ebf\u5546\u5e97\u94f6\u884c\u8d26\u6237\u540e\u751f\u6548\u3002<\/p>\n<p>\u5982\u679c\u7531\u4e8e\u7f3a\u8d27\u6216\u5176\u4ed6\u539f\u56e0\u5bfc\u81f4\u8ba2\u8d2d\u5546\u54c1\u65e0\u6cd5\u9001\u8fbe\uff0c\u6211\u4eec\u5c06\u5c3d\u5feb\u901a\u77e5\u4e70\u5bb6\uff0c\u5e76\u7acb\u5373\u9000\u8fd8\u5df2\u4ed8\u6b3e\u9879\uff08\u5305\u62ec\u8fd0\u8d39\uff09\uff0c\u4f46\u6700\u8fdf\u4e0d\u665a\u4e8e\u901a\u77e5\u53d1\u51fa\u540e\u7684 14 \u5929\u5185\u3002<\/p>\n<p>\u914d\u9001<\/p>\n<p>\u5546\u54c1\u914d\u9001\u81f3\u4ee5\u4e0b\u56fd\u5bb6\/\u5730\u533a\uff1a\u5168\u7403\uff08\u53d7\u9650\u5236\u56fd\u5bb6\/\u5730\u533a\u9664\u5916\uff09\u3002<\/p>\n<p>\u5546\u54c1\u7684\u8fd0\u8d39\u7531\u4e70\u5bb6\u627f\u62c5\uff0c\u76f8\u5e94\u7684\u4ef7\u683c\u4fe1\u606f\u663e\u793a\u5728\u914d\u9001\u65b9\u5f0f\u65c1\u8fb9\u3002<\/p>\n<p>\u7231\u6c99\u5c3c\u4e9a\u5883\u5185\u7684\u8d27\u7269\u901a\u5e38\u5728\u9500\u552e\u5408\u540c\u751f\u6548\u540e 3-14 \u4e2a\u5de5\u4f5c\u65e5\u5185\u9001\u8fbe\u4e70\u5bb6\u6307\u5b9a\u7684\u76ee\u7684\u5730\u3002\u7231\u6c99\u5c3c\u4e9a\u5883\u5916\u7684\u914d\u9001\u65f6\u95f4\u4e3a 21 \u4e2a\u5de5\u4f5c\u65e5\u3002<\/p>\n<p>\u5728\u7279\u6b8a\u60c5\u51b5\u4e0b\uff0c\u4ea4\u8d27\u671f\u9650\u6700\u957f\u4e3a 45 \u4e2a\u5de5\u4f5c\u65e5\u3002<\/p>\n<p>\u64a4\u9500\u6743<\/p>\n<p>\u4e70\u5bb6\u6536\u5230\u8ba2\u5355\u540e\uff0c\u6709\u6743\u5728 14 \u5929\u5185\u64a4\u9500\u5728\u7ebf\u5546\u5e97\u7b7e\u8ba2\u7684\u5408\u540c\u3002<\/p>\n<p>\u5982\u679c\u4e70\u5bb6\u662f\u6cd5\u4eba\uff0c\u5219\u64a4\u9500\u6743\u4e0d\u9002\u7528\u3002<\/p>\n<p>\u4e3a\u884c\u4f7f 14 \u5929\u9000\u8d27\u6743\uff0c\u4e0d\u5f97\u4ee5\u4efb\u4f55\u65b9\u5f0f\u4f7f\u7528\u8ba2\u8d2d\u7684\u5546\u54c1\uff0c\u9664\u975e\u4ee5\u5728\u5b9e\u4f53\u5e97\u6d4b\u8bd5\u5546\u54c1\u7684\u65b9\u5f0f\u9a8c\u8bc1\u5546\u54c1\u7684\u6027\u8d28\u3001\u7279\u6027\u548c\u529f\u80fd\u3002<\/p>\n<p>\u5982\u679c\u5546\u54c1\u7684\u4f7f\u7528\u76ee\u7684\u5e76\u975e\u7528\u4e8e\u9a8c\u8bc1\u5176\u6027\u8d28\u3001\u5c5e\u6027\u548c\u529f\u80fd\u6240\u9700\u7684\u76ee\u7684\uff0c\u6216\u8005\u5546\u54c1\u6709\u4f7f\u7528\u6216\u78e8\u635f\u7684\u8ff9\u8c61\uff0c\u5728\u7ebf\u5546\u5e97\u6709\u6743\u6839\u636e\u5546\u54c1\u4ef7\u503c\u7684\u51cf\u5c11\u51cf\u5c11\u9000\u6b3e\u8d39\u7528\u3002<\/p>\n<p>\u5982\u9700\u9000\u8d27\uff0c\u5fc5\u987b\u5728\u6536\u5230\u5546\u54c1\u540e 14 \u5929\u5185\u63d0\u4ea4\u9000\u8d27\u7533\u8bf7\u5e76\u53d1\u9001\u81f3\u90ae\u7bb1 info@fysica.ee\u3002<\/p>\n<p>\u9000\u8d27\u8d39\u7528\u7531\u4e70\u5bb6\u627f\u62c5\uff0c\u9664\u975e\u9000\u8d27\u539f\u56e0\u662f\u5546\u54c1\u4e0e\u8ba2\u5355\u4e0d\u7b26\uff08\u4f8b\u5982\uff0c\u5546\u54c1\u9519\u8bef\u6216\u6709\u7f3a\u9677\uff09\u3002<\/p>\n<p>\u4e70\u5bb6\u5fc5\u987b\u5728\u63d0\u4ea4\u7533\u8bf7\u540e 14 \u5929\u5185\u9000\u8d27\uff0c\u6216\u63d0\u4f9b\u5df2\u5728\u4e0a\u8ff0\u671f\u9650\u5185\u5c06\u5546\u54c1\u4ea4\u4ed8\u7ed9\u627f\u8fd0\u4eba\u7684\u8bc1\u660e\u3002<\/p>\n<p>\u6536\u5230\u9000\u8d27\u540e\uff0c\u5728\u7ebf\u5546\u5e97\u5e94\u7acb\u5373\u5c06\u6839\u636e\u5408\u540c\u5411\u4e70\u5bb6\u6536\u53d6\u7684\u6240\u6709\u8d39\u7528\u9000\u8fd8\u7ed9\u4e70\u5bb6\uff0c\u4f46\u6700\u8fdf\u4e0d\u5f97\u665a\u4e8e\u6536\u5230\u9000\u8d27\u7533\u8bf7\u540e\u7684 14 \u5929\u3002\u5982\u679c\u8ba2\u5355\u90e8\u5206\u9000\u56de\uff0c\u6211\u4eec\u5c06\u6309\u9000\u56de\u5546\u54c1\u6570\u91cf\u7684\u6bd4\u4f8b\u9000\u8fd8\u8ba2\u5355\u5df2\u652f\u4ed8\u7684\u90ae\u8d39\u3002<\/p>\n<p>\u5728\u7ebf\u5546\u5e97\u6709\u6743\u62d2\u7edd\u9000\u6b3e\uff0c\u76f4\u81f3\u5408\u540c\u6807\u7684\u5546\u54c1\u9000\u56de\u6216\u4e70\u5bb6\u63d0\u4f9b\u5df2\u9000\u8d27\u7684\u8bc1\u660e\uff08\u4ee5\u8f83\u65e9\u8005\u4e3a\u51c6\uff09\u3002<\/p>\n<p>\u5982\u679c\u4e70\u5bb6\u660e\u786e\u9009\u62e9\u4e86\u5728\u7ebf\u5546\u5e97\u63d0\u4f9b\u7684\u6700\u4fbf\u5b9c\u6807\u51c6\u914d\u9001\u65b9\u5f0f\u4ee5\u5916\u7684\u914d\u9001\u65b9\u5f0f\uff0c\u5219\u5728\u7ebf\u5546\u5e97\u65e0\u9700\u5411\u6d88\u8d39\u8005\u9000\u8fd8\u8d85\u8fc7\u6807\u51c6\u914d\u9001\u65b9\u5f0f\u8d39\u7528\u7684\u90e8\u5206\u3002<\/p>\n<p>\u5982\u679c\u7531\u4e8e\u9519\u8bef\u5bfc\u81f4\u5728\u7ebf\u5546\u5e97\u5546\u54c1\u4ef7\u683c\u660e\u663e\u4f4e\u4e8e\u5e02\u573a\u4ef7\u683c\uff0c\u5728\u7ebf\u5546\u5e97\u6709\u6743\u64a4\u9500\u9500\u552e\u4ea4\u6613\u5e76\u8981\u6c42\u4e70\u5bb6\u9000\u8d27\u3002<\/p>\n<p>\u7d22\u8d54\u6743<\/p>\n<p>\u5982\u679c\u5411\u4e70\u5bb6\u51fa\u552e\u7684\u5546\u54c1\u4e0d\u7b26\u5408\u5408\u540c\u6761\u6b3e\u6216\u5b58\u5728\u4efb\u4f55\u7f3a\u9677\uff0c\u4e14\u8be5\u7b49\u7f3a\u9677\u5728\u4ea4\u4ed8\u65f6\u5df2\u5b58\u5728\uff0c\u4e14\u5728\u4ea4\u4ed8\u7ed9\u4e70\u5bb6\u540e\u4e24\u5e74\u5185\u663e\u73b0\uff0c\u5728\u7ebf\u5546\u5e97\u5c06\u627f\u62c5\u8d23\u4efb\u3002\u5728\u4ea4\u4ed8\u7ed9\u4e70\u5bb6\u540e\u7684\u516d\u4e2a\u6708\u5185\uff0c\u6211\u4eec\u5047\u5b9a\u8be5\u7f3a\u9677\u5728\u4ea4\u4ed8\u65f6\u5df2\u5b58\u5728\u3002\u5728\u7ebf\u5546\u5e97\u6709\u4e49\u52a1\u9a73\u56de\u6b64\u5047\u5b9a\u3002<\/p>\n<p>\u4e70\u5bb6\u6709\u6743\u5728\u7f3a\u9677\u51fa\u73b0\u540e\u4e24\u4e2a\u6708\u5185\u901a\u8fc7\u53d1\u9001\u7535\u5b50\u90ae\u4ef6\u81f3 info@fysica.ee \u6216\u81f4\u7535 +372 5610 3132 \u8054\u7cfb\u5728\u7ebf\u5546\u5e97\u3002<\/p>\n<p>\u5728\u7ebf\u5546\u5e97\u5bf9\u5546\u54c1\u4ea4\u4ed8\u7ed9\u4e70\u5bb6\u540e\u51fa\u73b0\u7684\u7f3a\u9677\u4e0d\u627f\u62c5\u8d23\u4efb\u3002<\/p>\n<p>\u5982\u679c\u4ece\u5728\u7ebf\u5546\u5e97\u8d2d\u4e70\u7684\u5546\u54c1\u5b58\u5728\u7f3a\u9677\uff0c\u4e14\u8be5\u7f3a\u9677\u7531\u5728\u7ebf\u5546\u5e97\u627f\u62c5\u8d23\u4efb\uff0c\u5728\u7ebf\u5546\u5e97\u5c06\u8d1f\u8d23\u7ef4\u4fee\u6216\u66f4\u6362\u7f3a\u9677\u5546\u54c1\u3002\u5982\u679c\u5546\u54c1\u65e0\u6cd5\u7ef4\u4fee\u6216\u66f4\u6362\uff0c\u5728\u7ebf\u5546\u5e97\u5c06\u9000\u8fd8\u6839\u636e\u9500\u552e\u5408\u540c\u4ea7\u751f\u7684\u6240\u6709\u8d39\u7528\u3002<\/p>\n<p>\u5728\u7ebf\u5546\u5e97\u5c06\u572815\u5929\u5185\u4ee5\u4e66\u9762\u5f62\u5f0f\u6216\u53ef\u4e66\u9762\u590d\u8ff0\u7684\u5f62\u5f0f\u56de\u590d\u6d88\u8d39\u8005\u63d0\u4ea4\u7684\u6295\u8bc9\u3002<\/p>\n<p>\u4e2a\u4eba\u6570\u636e\u5904\u7406<\/p>\n<p>\u5728\u7ebf\u5546\u5e97\u4ec5\u5c06\u4e70\u5bb6\u8f93\u5165\u7684\u4e2a\u4eba\u6570\u636e\uff08\u5305\u62ec\u59d3\u540d\u3001\u7535\u8bdd\u53f7\u7801\u3001\u5730\u5740\u3001\u7535\u5b50\u90ae\u4ef6\u5730\u5740\u3001\u94f6\u884c\u4fe1\u606f\uff09\u7528\u4e8e\u5904\u7406\u8ba2\u5355\u548c\u5411\u4e70\u5bb6\u53d1\u9001\u5546\u54c1\u3002\u5728\u7ebf\u5546\u5e97\u4f1a\u5c06\u4e2a\u4eba\u6570\u636e\u4f20\u8f93\u7ed9\u63d0\u4f9b\u8fd0\u8f93\u670d\u52a1\u7684\u516c\u53f8\uff0c\u4ee5\u4fbf\u4ea4\u4ed8\u5546\u54c1\u3002<\/p>\n<p>\u4e89\u8bae\u89e3\u51b3<\/p>\n<p>\u5982\u679c\u4e70\u5bb6\u5bf9\u5728\u7ebf\u5546\u5e97\u6709\u4efb\u4f55\u6295\u8bc9\uff0c\u8bf7\u53d1\u9001\u7535\u5b50\u90ae\u4ef6\u81f3info@fysica.ee\u6216\u81f4\u7535+372 5610 3132\u3002<\/p>\n<p>\u5982\u679c\u4e70\u5bb6\u548c\u5728\u7ebf\u5546\u5e97\u65e0\u6cd5\u901a\u8fc7\u534f\u8bae\u89e3\u51b3\u4e89\u8bae\uff0c\u4e70\u5bb6\u53ef\u4ee5\u8054\u7cfb\u6d88\u8d39\u8005\u4e89\u8bae\u59d4\u5458\u4f1a\u3002\u60a8\u53ef\u4ee5\u5728\u6d88\u8d39\u8005\u4e89\u8bae\u59d4\u5458\u4f1a\u7684\u7f51\u7ad9\u4e0a\u67e5\u770b\u7a0b\u5e8f\u6761\u6b3e\u548c\u6761\u4ef6\u5e76\u63d0\u4ea4\u58f0\u660e\u3002<\/p>\n<p>\u6d88\u8d39\u8005\u4e89\u8bae\u59d4\u5458\u4f1a\u6709\u6743\u89e3\u51b3\u4e70\u5bb6\u4e0e\u5728\u7ebf\u5546\u5e97\u4e4b\u95f4\u7b7e\u8ba2\u7684\u5408\u540c\u6240\u4ea7\u751f\u7684\u4e89\u8bae\u3002\u59d4\u5458\u4f1a\u5bf9\u4e70\u5bb6\u6295\u8bc9\u7684\u5ba1\u67e5\u662f\u514d\u8d39\u7684\u3002<\/p>\n<p>\u4e70\u5bb6\u53ef\u4ee5\u8054\u7cfb\u6b27\u76df\u6d88\u8d39\u8005\u4e89\u8bae\u89e3\u51b3\u5e73\u53f0\u3002<\/p>\n","protected":false},"excerpt":{"rendered":"<p>\u5728\u7ebf\u5546\u5e97 https:\/\/fysica. [&hellip;]<\/p>\n","protected":false},"author":1,"featured_media":0,"parent":0,"menu_order":0,"comment_status":"closed","ping_status":"closed","template":"","meta":{"site-sidebar-layout":"default","site-content-layout":"","ast-site-content-layout":"default","site-content-style":"default","site-sidebar-style":"default","ast-global-header-display":"","ast-banner-title-visibility":"","ast-main-header-display":"","ast-hfb-above-header-display":"","ast-hfb-below-header-display":"","ast-hfb-mobile-header-display":"","site-post-title":"","ast-breadcrumbs-content":"","ast-featured-img":"","footer-sml-layout":"","theme-transparent-header-meta":"default","adv-header-id-meta":"","stick-header-meta":"","header-above-stick-meta":"","header-main-stick-meta":"","header-below-stick-meta":"","astra-migrate-meta-layouts":"default","ast-page-background-enabled":"default","ast-page-background-meta":{"desktop":{"background-color":"var(--ast-global-color-4)","background-image":"","background-repeat":"repeat","background-position":"center center","background-size":"auto","background-attachment":"scroll","background-type":"","background-media":"","overlay-type":"","overlay-color":"","overlay-opacity":"","overlay-gradient":""},"tablet":{"background-color":"","background-image":"","background-repeat":"repeat","background-position":"center center","background-size":"auto","background-attachment":"scroll","background-type":"","background-media":"","overlay-type":"","overlay-color":"","overlay-opacity":"","overlay-gradient":""},"mobile":{"background-color":"","background-image":"","background-repeat":"repeat","background-position":"center center","background-size":"auto","background-attachment":"scroll","background-type":"","background-media":"","overlay-type":"","overlay-color":"","overlay-opacity":"","overlay-gradient":""}},"ast-content-background-meta":{"desktop":{"background-color":"var(--ast-global-color-5)","background-image":"","background-repeat":"repeat","background-position":"center center","background-size":"auto","background-attachment":"scroll","background-type":"","background-media":"","overlay-type":"","overlay-color":"","overlay-opacity":"","overlay-gradient":""},"tablet":{"background-color":"var(--ast-global-color-5)","background-image":"","background-repeat":"repeat","background-position":"center center","background-size":"auto","background-attachment":"scroll","background-type":"","background-media":"","overlay-type":"","overlay-color":"","overlay-opacity":"","overlay-gradient":""},"mobile":{"background-color":"var(--ast-global-color-5)","background-image":"","background-repeat":"repeat","background-position":"center center","background-size":"auto","background-attachment":"scroll","background-type":"","background-media":"","overlay-type":"","overlay-color":"","overlay-opacity":"","overlay-gradient":""}},"footnotes":""},"class_list":["post-1761","page","type-page","status-publish","hentry"],"yoast_head":"<!-- This site is optimized with the Yoast SEO plugin v25.7 - https:\/\/yoast.com\/wordpress\/plugins\/seo\/ -->\n<title>\u9500\u552e\u548c\u9000\u8d27\u6761\u6b3e - Fysica O\u00dc - kvaliteetsed k\u00e4sit\u00f6\u00f6r\u00f5ivad<\/title>\n<meta name=\"robots\" content=\"index, follow, max-snippet:-1, max-image-preview:large, max-video-preview:-1\" \/>\n<link rel=\"canonical\" href=\"https:\/\/www.fysica.ee\/zh-hans\/%e9%94%80%e5%94%ae%e5%92%8c%e9%80%80%e8%b4%a7%e6%9d%a1%e6%ac%be\/\" \/>\n<meta property=\"og:locale\" content=\"zh_CN\" \/>\n<meta property=\"og:type\" content=\"article\" \/>\n<meta property=\"og:title\" content=\"\u9500\u552e\u548c\u9000\u8d27\u6761\u6b3e - Fysica O\u00dc - kvaliteetsed k\u00e4sit\u00f6\u00f6r\u00f5ivad\" \/>\n<meta property=\"og:description\" content=\"\u5728\u7ebf\u5546\u5e97 https:\/\/fysica. [&hellip;]\" \/>\n<meta property=\"og:url\" content=\"https:\/\/www.fysica.ee\/zh-hans\/%e9%94%80%e5%94%ae%e5%92%8c%e9%80%80%e8%b4%a7%e6%9d%a1%e6%ac%be\/\" \/>\n<meta property=\"og:site_name\" content=\"Fysica O\u00dc - kvaliteetsed k\u00e4sit\u00f6\u00f6r\u00f5ivad\" \/>\n<meta name=\"twitter:card\" content=\"summary_large_image\" \/>\n<script type=\"application\/ld+json\" class=\"yoast-schema-graph\">{\"@context\":\"https:\/\/schema.org\",\"@graph\":[{\"@type\":\"WebPage\",\"@id\":\"https:\/\/www.fysica.ee\/zh-hans\/%e9%94%80%e5%94%ae%e5%92%8c%e9%80%80%e8%b4%a7%e6%9d%a1%e6%ac%be\/\",\"url\":\"https:\/\/www.fysica.ee\/zh-hans\/%e9%94%80%e5%94%ae%e5%92%8c%e9%80%80%e8%b4%a7%e6%9d%a1%e6%ac%be\/\",\"name\":\"\u9500\u552e\u548c\u9000\u8d27\u6761\u6b3e - Fysica O\u00dc - kvaliteetsed k\u00e4sit\u00f6\u00f6r\u00f5ivad\",\"isPartOf\":{\"@id\":\"https:\/\/fysica.ee\/#website\"},\"datePublished\":\"2024-12-12T13:02:25+00:00\",\"breadcrumb\":{\"@id\":\"https:\/\/www.fysica.ee\/zh-hans\/%e9%94%80%e5%94%ae%e5%92%8c%e9%80%80%e8%b4%a7%e6%9d%a1%e6%ac%be\/#breadcrumb\"},\"inLanguage\":\"zh-Hans\",\"potentialAction\":[{\"@type\":\"ReadAction\",\"target\":[\"https:\/\/www.fysica.ee\/zh-hans\/%e9%94%80%e5%94%ae%e5%92%8c%e9%80%80%e8%b4%a7%e6%9d%a1%e6%ac%be\/\"]}]},{\"@type\":\"BreadcrumbList\",\"@id\":\"https:\/\/www.fysica.ee\/zh-hans\/%e9%94%80%e5%94%ae%e5%92%8c%e9%80%80%e8%b4%a7%e6%9d%a1%e6%ac%be\/#breadcrumb\",\"itemListElement\":[{\"@type\":\"ListItem\",\"position\":1,\"name\":\"Home\",\"item\":\"https:\/\/www.fysica.ee\/zh-hans\/\"},{\"@type\":\"ListItem\",\"position\":2,\"name\":\"\u9500\u552e\u548c\u9000\u8d27\u6761\u6b3e\"}]},{\"@type\":\"WebSite\",\"@id\":\"https:\/\/fysica.ee\/#website\",\"url\":\"https:\/\/fysica.ee\/\",\"name\":\"Fysica O\u00dc - kvaliteetsed k\u00e4sit\u00f6\u00f6r\u00f5ivad\",\"description\":\"Fysica O\u00dc - kvaliteetsed k\u00e4sit\u00f6\u00f6r\u00f5ivad\",\"publisher\":{\"@id\":\"https:\/\/fysica.ee\/#organization\"},\"potentialAction\":[{\"@type\":\"SearchAction\",\"target\":{\"@type\":\"EntryPoint\",\"urlTemplate\":\"https:\/\/fysica.ee\/?s={search_term_string}\"},\"query-input\":{\"@type\":\"PropertyValueSpecification\",\"valueRequired\":true,\"valueName\":\"search_term_string\"}}],\"inLanguage\":\"zh-Hans\"},{\"@type\":\"Organization\",\"@id\":\"https:\/\/fysica.ee\/#organization\",\"name\":\"Fysica O\u00dc\",\"url\":\"https:\/\/fysica.ee\/\",\"logo\":{\"@type\":\"ImageObject\",\"inLanguage\":\"zh-Hans\",\"@id\":\"https:\/\/fysica.ee\/#\/schema\/logo\/image\/\",\"url\":\"https:\/\/www.fysica.ee\/wp-content\/uploads\/2024\/11\/Fysica-logo.png\",\"contentUrl\":\"https:\/\/www.fysica.ee\/wp-content\/uploads\/2024\/11\/Fysica-logo.png\",\"width\":390,\"height\":300,\"caption\":\"Fysica O\u00dc\"},\"image\":{\"@id\":\"https:\/\/fysica.ee\/#\/schema\/logo\/image\/\"}}]}<\/script>\n<!-- \/ Yoast SEO plugin. -->","yoast_head_json":{"title":"\u9500\u552e\u548c\u9000\u8d27\u6761\u6b3e - Fysica O\u00dc - kvaliteetsed k\u00e4sit\u00f6\u00f6r\u00f5ivad","robots":{"index":"index","follow":"follow","max-snippet":"max-snippet:-1","max-image-preview":"max-image-preview:large","max-video-preview":"max-video-preview:-1"},"canonical":"https:\/\/www.fysica.ee\/zh-hans\/%e9%94%80%e5%94%ae%e5%92%8c%e9%80%80%e8%b4%a7%e6%9d%a1%e6%ac%be\/","og_locale":"zh_CN","og_type":"article","og_title":"\u9500\u552e\u548c\u9000\u8d27\u6761\u6b3e - Fysica O\u00dc - kvaliteetsed k\u00e4sit\u00f6\u00f6r\u00f5ivad","og_description":"\u5728\u7ebf\u5546\u5e97 https:\/\/fysica. [&hellip;]","og_url":"https:\/\/www.fysica.ee\/zh-hans\/%e9%94%80%e5%94%ae%e5%92%8c%e9%80%80%e8%b4%a7%e6%9d%a1%e6%ac%be\/","og_site_name":"Fysica O\u00dc - kvaliteetsed k\u00e4sit\u00f6\u00f6r\u00f5ivad","twitter_card":"summary_large_image","schema":{"@context":"https:\/\/schema.org","@graph":[{"@type":"WebPage","@id":"https:\/\/www.fysica.ee\/zh-hans\/%e9%94%80%e5%94%ae%e5%92%8c%e9%80%80%e8%b4%a7%e6%9d%a1%e6%ac%be\/","url":"https:\/\/www.fysica.ee\/zh-hans\/%e9%94%80%e5%94%ae%e5%92%8c%e9%80%80%e8%b4%a7%e6%9d%a1%e6%ac%be\/","name":"\u9500\u552e\u548c\u9000\u8d27\u6761\u6b3e - Fysica O\u00dc - kvaliteetsed k\u00e4sit\u00f6\u00f6r\u00f5ivad","isPartOf":{"@id":"https:\/\/fysica.ee\/#website"},"datePublished":"2024-12-12T13:02:25+00:00","breadcrumb":{"@id":"https:\/\/www.fysica.ee\/zh-hans\/%e9%94%80%e5%94%ae%e5%92%8c%e9%80%80%e8%b4%a7%e6%9d%a1%e6%ac%be\/#breadcrumb"},"inLanguage":"zh-Hans","potentialAction":[{"@type":"ReadAction","target":["https:\/\/www.fysica.ee\/zh-hans\/%e9%94%80%e5%94%ae%e5%92%8c%e9%80%80%e8%b4%a7%e6%9d%a1%e6%ac%be\/"]}]},{"@type":"BreadcrumbList","@id":"https:\/\/www.fysica.ee\/zh-hans\/%e9%94%80%e5%94%ae%e5%92%8c%e9%80%80%e8%b4%a7%e6%9d%a1%e6%ac%be\/#breadcrumb","itemListElement":[{"@type":"ListItem","position":1,"name":"Home","item":"https:\/\/www.fysica.ee\/zh-hans\/"},{"@type":"ListItem","position":2,"name":"\u9500\u552e\u548c\u9000\u8d27\u6761\u6b3e"}]},{"@type":"WebSite","@id":"https:\/\/fysica.ee\/#website","url":"https:\/\/fysica.ee\/","name":"Fysica O\u00dc - kvaliteetsed k\u00e4sit\u00f6\u00f6r\u00f5ivad","description":"Fysica O\u00dc - kvaliteetsed k\u00e4sit\u00f6\u00f6r\u00f5ivad","publisher":{"@id":"https:\/\/fysica.ee\/#organization"},"potentialAction":[{"@type":"SearchAction","target":{"@type":"EntryPoint","urlTemplate":"https:\/\/fysica.ee\/?s={search_term_string}"},"query-input":{"@type":"PropertyValueSpecification","valueRequired":true,"valueName":"search_term_string"}}],"inLanguage":"zh-Hans"},{"@type":"Organization","@id":"https:\/\/fysica.ee\/#organization","name":"Fysica O\u00dc","url":"https:\/\/fysica.ee\/","logo":{"@type":"ImageObject","inLanguage":"zh-Hans","@id":"https:\/\/fysica.ee\/#\/schema\/logo\/image\/","url":"https:\/\/www.fysica.ee\/wp-content\/uploads\/2024\/11\/Fysica-logo.png","contentUrl":"https:\/\/www.fysica.ee\/wp-content\/uploads\/2024\/11\/Fysica-logo.png","width":390,"height":300,"caption":"Fysica O\u00dc"},"image":{"@id":"https:\/\/fysica.ee\/#\/schema\/logo\/image\/"}}]}},"_links":{"self":[{"href":"https:\/\/www.fysica.ee\/zh-hans\/wp-json\/wp\/v2\/pages\/1761","targetHints":{"allow":["GET"]}}],"collection":[{"href":"https:\/\/www.fysica.ee\/zh-hans\/wp-json\/wp\/v2\/pages"}],"about":[{"href":"https:\/\/www.fysica.ee\/zh-hans\/wp-json\/wp\/v2\/types\/page"}],"author":[{"embeddable":true,"href":"https:\/\/www.fysica.ee\/zh-hans\/wp-json\/wp\/v2\/users\/1"}],"replies":[{"embeddable":true,"href":"https:\/\/www.fysica.ee\/zh-hans\/wp-json\/wp\/v2\/comments?post=1761"}],"version-history":[{"count":0,"href":"https:\/\/www.fysica.ee\/zh-hans\/wp-json\/wp\/v2\/pages\/1761\/revisions"}],"wp:attachment":[{"href":"https:\/\/www.fysica.ee\/zh-hans\/wp-json\/wp\/v2\/media?parent=1761"}],"curies":[{"name":"wp","href":"https:\/\/api.w.org\/{rel}","templated":true}]}}