{"id":1751,"date":"2024-11-20T13:33:48","date_gmt":"2024-11-20T13:33:48","guid":{"rendered":"https:\/\/fysica.ee\/%e6%8e%a5%e8%a7%a6\/"},"modified":"2025-08-19T10:00:03","modified_gmt":"2025-08-19T10:00:03","slug":"%e6%8e%a5%e8%a7%a6","status":"publish","type":"page","link":"https:\/\/www.fysica.ee\/zh-hans\/%e6%8e%a5%e8%a7%a6\/","title":{"rendered":"\u63a5\u89e6"},"content":{"rendered":"\t\t<div data-elementor-type=\"wp-page\" data-elementor-id=\"1751\" class=\"elementor elementor-1751 elementor-33\" data-elementor-post-type=\"page\">\n\t\t\t\t<div class=\"elementor-element elementor-element-50cc124 e-flex e-con-boxed e-con e-parent\" data-id=\"50cc124\" data-element_type=\"container\">\n\t\t\t\t\t<div class=\"e-con-inner\">\n\t\t\t\t<div class=\"elementor-element elementor-element-a76e602 elementor-widget elementor-widget-heading\" data-id=\"a76e602\" data-element_type=\"widget\" data-widget_type=\"heading.default\">\n\t\t\t\t<div class=\"elementor-widget-container\">\n\t\t\t\t\t<h2 class=\"elementor-heading-title elementor-size-default\">\u63a5\u89e6<\/h2>\t\t\t\t<\/div>\n\t\t\t\t<\/div>\n\t\t\t\t\t<\/div>\n\t\t\t\t<\/div>\n\t\t<div class=\"elementor-element elementor-element-0deaf4f e-flex e-con-boxed e-con e-parent\" data-id=\"0deaf4f\" data-element_type=\"container\">\n\t\t\t\t\t<div class=\"e-con-inner\">\n\t\t\t\t<div class=\"elementor-element elementor-element-5b67313 elementor-widget elementor-widget-text-editor\" data-id=\"5b67313\" data-element_type=\"widget\" data-widget_type=\"text-editor.default\">\n\t\t\t\t<div class=\"elementor-widget-container\">\n\t\t\t\t\t\t\t\t\t<p>FYSICA O\u00dc<\/p>\n<p>Erki Miller<br \/>Fysica O\u00dc \u521b\u59cb\u4eba\u517c\u9996\u5e2d\u6267\u884c\u5b98<\/p>\n<p>+372 5610 3132\uff08\u82f1\u8bed\u3001\u7231\u5c14\u5170\u8bed\uff09<\/p>\n<p>info@fysica.ee\uff08\u82f1\u8bed\u3001\u7231\u5c14\u5170\u8bed\uff09<\/p>\n<p>9:00-16:00\uff08\u5468\u4e00\u81f3\u5468\u4e94\uff09<\/p>\n\t\t\t\t\t\t\t\t<\/div>\n\t\t\t\t<\/div>\n\t\t\t\t\t<\/div>\n\t\t\t\t<\/div>\n\t\t\t\t<\/div>\n\t\t","protected":false},"excerpt":{"rendered":"<p>FYSICA O\u00dc Erki Mille [&hellip;]<\/p>\n","protected":false},"author":1,"featured_media":0,"parent":0,"menu_order":0,"comment_status":"closed","ping_status":"closed","template":"","meta":{"site-sidebar-layout":"no-sidebar","site-content-layout":"","ast-site-content-layout":"full-width-container","site-content-style":"default","site-sidebar-style":"default","ast-global-header-display":"","ast-banner-title-visibility":"","ast-main-header-display":"","ast-hfb-above-header-display":"","ast-hfb-below-header-display":"","ast-hfb-mobile-header-display":"","site-post-title":"disabled","ast-breadcrumbs-content":"","ast-featured-img":"disabled","footer-sml-layout":"","theme-transparent-header-meta":"default","adv-header-id-meta":"","stick-header-meta":"","header-above-stick-meta":"","header-main-stick-meta":"","header-below-stick-meta":"","astra-migrate-meta-layouts":"default","ast-page-background-enabled":"default","ast-page-background-meta":{"desktop":{"background-color":"var(--ast-global-color-4)","background-image":"","background-repeat":"repeat","background-position":"center center","background-size":"auto","background-attachment":"scroll","background-type":"","background-media":"","overlay-type":"","overlay-color":"","overlay-opacity":"","overlay-gradient":""},"tablet":{"background-color":"","background-image":"","background-repeat":"repeat","background-position":"center center","background-size":"auto","background-attachment":"scroll","background-type":"","background-media":"","overlay-type":"","overlay-color":"","overlay-opacity":"","overlay-gradient":""},"mobile":{"background-color":"","background-image":"","background-repeat":"repeat","background-position":"center center","background-size":"auto","background-attachment":"scroll","background-type":"","background-media":"","overlay-type":"","overlay-color":"","overlay-opacity":"","overlay-gradient":""}},"ast-content-background-meta":{"desktop":{"background-color":"var(--ast-global-color-5)","background-image":"","background-repeat":"repeat","background-position":"center center","background-size":"auto","background-attachment":"scroll","background-type":"","background-media":"","overlay-type":"","overlay-color":"","overlay-opacity":"","overlay-gradient":""},"tablet":{"background-color":"var(--ast-global-color-5)","background-image":"","background-repeat":"repeat","background-position":"center center","background-size":"auto","background-attachment":"scroll","background-type":"","background-media":"","overlay-type":"","overlay-color":"","overlay-opacity":"","overlay-gradient":""},"mobile":{"background-color":"var(--ast-global-color-5)","background-image":"","background-repeat":"repeat","background-position":"center center","background-size":"auto","background-attachment":"scroll","background-type":"","background-media":"","overlay-type":"","overlay-color":"","overlay-opacity":"","overlay-gradient":""}},"footnotes":""},"class_list":["post-1751","page","type-page","status-publish","hentry"],"yoast_head":"<!-- This site is optimized with the Yoast SEO plugin v25.7 - https:\/\/yoast.com\/wordpress\/plugins\/seo\/ -->\n<title>\u63a5\u89e6 - Fysica O\u00dc - kvaliteetsed k\u00e4sit\u00f6\u00f6r\u00f5ivad<\/title>\n<meta name=\"robots\" content=\"index, follow, max-snippet:-1, max-image-preview:large, max-video-preview:-1\" \/>\n<link rel=\"canonical\" href=\"https:\/\/www.fysica.ee\/zh-hans\/%e6%8e%a5%e8%a7%a6\/\" \/>\n<meta property=\"og:locale\" content=\"zh_CN\" \/>\n<meta property=\"og:type\" content=\"article\" \/>\n<meta property=\"og:title\" content=\"\u63a5\u89e6 - Fysica O\u00dc - kvaliteetsed k\u00e4sit\u00f6\u00f6r\u00f5ivad\" \/>\n<meta property=\"og:description\" content=\"FYSICA O\u00dc Erki Mille [&hellip;]\" \/>\n<meta property=\"og:url\" content=\"https:\/\/www.fysica.ee\/zh-hans\/%e6%8e%a5%e8%a7%a6\/\" \/>\n<meta property=\"og:site_name\" content=\"Fysica O\u00dc - kvaliteetsed k\u00e4sit\u00f6\u00f6r\u00f5ivad\" \/>\n<meta property=\"article:modified_time\" content=\"2025-08-19T10:00:03+00:00\" \/>\n<meta name=\"twitter:card\" content=\"summary_large_image\" \/>\n<script type=\"application\/ld+json\" class=\"yoast-schema-graph\">{\"@context\":\"https:\/\/schema.org\",\"@graph\":[{\"@type\":\"WebPage\",\"@id\":\"https:\/\/www.fysica.ee\/zh-hans\/%e6%8e%a5%e8%a7%a6\/\",\"url\":\"https:\/\/www.fysica.ee\/zh-hans\/%e6%8e%a5%e8%a7%a6\/\",\"name\":\"\u63a5\u89e6 - Fysica O\u00dc - kvaliteetsed k\u00e4sit\u00f6\u00f6r\u00f5ivad\",\"isPartOf\":{\"@id\":\"https:\/\/fysica.ee\/#website\"},\"datePublished\":\"2024-11-20T13:33:48+00:00\",\"dateModified\":\"2025-08-19T10:00:03+00:00\",\"breadcrumb\":{\"@id\":\"https:\/\/www.fysica.ee\/zh-hans\/%e6%8e%a5%e8%a7%a6\/#breadcrumb\"},\"inLanguage\":\"zh-Hans\",\"potentialAction\":[{\"@type\":\"ReadAction\",\"target\":[\"https:\/\/www.fysica.ee\/zh-hans\/%e6%8e%a5%e8%a7%a6\/\"]}]},{\"@type\":\"BreadcrumbList\",\"@id\":\"https:\/\/www.fysica.ee\/zh-hans\/%e6%8e%a5%e8%a7%a6\/#breadcrumb\",\"itemListElement\":[{\"@type\":\"ListItem\",\"position\":1,\"name\":\"Home\",\"item\":\"https:\/\/www.fysica.ee\/zh-hans\/\"},{\"@type\":\"ListItem\",\"position\":2,\"name\":\"\u63a5\u89e6\"}]},{\"@type\":\"WebSite\",\"@id\":\"https:\/\/fysica.ee\/#website\",\"url\":\"https:\/\/fysica.ee\/\",\"name\":\"Fysica O\u00dc - kvaliteetsed k\u00e4sit\u00f6\u00f6r\u00f5ivad\",\"description\":\"Fysica O\u00dc - kvaliteetsed k\u00e4sit\u00f6\u00f6r\u00f5ivad\",\"publisher\":{\"@id\":\"https:\/\/fysica.ee\/#organization\"},\"potentialAction\":[{\"@type\":\"SearchAction\",\"target\":{\"@type\":\"EntryPoint\",\"urlTemplate\":\"https:\/\/fysica.ee\/?s={search_term_string}\"},\"query-input\":{\"@type\":\"PropertyValueSpecification\",\"valueRequired\":true,\"valueName\":\"search_term_string\"}}],\"inLanguage\":\"zh-Hans\"},{\"@type\":\"Organization\",\"@id\":\"https:\/\/fysica.ee\/#organization\",\"name\":\"Fysica O\u00dc\",\"url\":\"https:\/\/fysica.ee\/\",\"logo\":{\"@type\":\"ImageObject\",\"inLanguage\":\"zh-Hans\",\"@id\":\"https:\/\/fysica.ee\/#\/schema\/logo\/image\/\",\"url\":\"https:\/\/www.fysica.ee\/wp-content\/uploads\/2024\/11\/Fysica-logo.png\",\"contentUrl\":\"https:\/\/www.fysica.ee\/wp-content\/uploads\/2024\/11\/Fysica-logo.png\",\"width\":390,\"height\":300,\"caption\":\"Fysica O\u00dc\"},\"image\":{\"@id\":\"https:\/\/fysica.ee\/#\/schema\/logo\/image\/\"}}]}<\/script>\n<!-- \/ Yoast SEO plugin. -->","yoast_head_json":{"title":"\u63a5\u89e6 - Fysica O\u00dc - kvaliteetsed k\u00e4sit\u00f6\u00f6r\u00f5ivad","robots":{"index":"index","follow":"follow","max-snippet":"max-snippet:-1","max-image-preview":"max-image-preview:large","max-video-preview":"max-video-preview:-1"},"canonical":"https:\/\/www.fysica.ee\/zh-hans\/%e6%8e%a5%e8%a7%a6\/","og_locale":"zh_CN","og_type":"article","og_title":"\u63a5\u89e6 - Fysica O\u00dc - kvaliteetsed k\u00e4sit\u00f6\u00f6r\u00f5ivad","og_description":"FYSICA O\u00dc Erki Mille [&hellip;]","og_url":"https:\/\/www.fysica.ee\/zh-hans\/%e6%8e%a5%e8%a7%a6\/","og_site_name":"Fysica O\u00dc - kvaliteetsed k\u00e4sit\u00f6\u00f6r\u00f5ivad","article_modified_time":"2025-08-19T10:00:03+00:00","twitter_card":"summary_large_image","schema":{"@context":"https:\/\/schema.org","@graph":[{"@type":"WebPage","@id":"https:\/\/www.fysica.ee\/zh-hans\/%e6%8e%a5%e8%a7%a6\/","url":"https:\/\/www.fysica.ee\/zh-hans\/%e6%8e%a5%e8%a7%a6\/","name":"\u63a5\u89e6 - Fysica O\u00dc - kvaliteetsed k\u00e4sit\u00f6\u00f6r\u00f5ivad","isPartOf":{"@id":"https:\/\/fysica.ee\/#website"},"datePublished":"2024-11-20T13:33:48+00:00","dateModified":"2025-08-19T10:00:03+00:00","breadcrumb":{"@id":"https:\/\/www.fysica.ee\/zh-hans\/%e6%8e%a5%e8%a7%a6\/#breadcrumb"},"inLanguage":"zh-Hans","potentialAction":[{"@type":"ReadAction","target":["https:\/\/www.fysica.ee\/zh-hans\/%e6%8e%a5%e8%a7%a6\/"]}]},{"@type":"BreadcrumbList","@id":"https:\/\/www.fysica.ee\/zh-hans\/%e6%8e%a5%e8%a7%a6\/#breadcrumb","itemListElement":[{"@type":"ListItem","position":1,"name":"Home","item":"https:\/\/www.fysica.ee\/zh-hans\/"},{"@type":"ListItem","position":2,"name":"\u63a5\u89e6"}]},{"@type":"WebSite","@id":"https:\/\/fysica.ee\/#website","url":"https:\/\/fysica.ee\/","name":"Fysica O\u00dc - kvaliteetsed k\u00e4sit\u00f6\u00f6r\u00f5ivad","description":"Fysica O\u00dc - kvaliteetsed k\u00e4sit\u00f6\u00f6r\u00f5ivad","publisher":{"@id":"https:\/\/fysica.ee\/#organization"},"potentialAction":[{"@type":"SearchAction","target":{"@type":"EntryPoint","urlTemplate":"https:\/\/fysica.ee\/?s={search_term_string}"},"query-input":{"@type":"PropertyValueSpecification","valueRequired":true,"valueName":"search_term_string"}}],"inLanguage":"zh-Hans"},{"@type":"Organization","@id":"https:\/\/fysica.ee\/#organization","name":"Fysica O\u00dc","url":"https:\/\/fysica.ee\/","logo":{"@type":"ImageObject","inLanguage":"zh-Hans","@id":"https:\/\/fysica.ee\/#\/schema\/logo\/image\/","url":"https:\/\/www.fysica.ee\/wp-content\/uploads\/2024\/11\/Fysica-logo.png","contentUrl":"https:\/\/www.fysica.ee\/wp-content\/uploads\/2024\/11\/Fysica-logo.png","width":390,"height":300,"caption":"Fysica O\u00dc"},"image":{"@id":"https:\/\/fysica.ee\/#\/schema\/logo\/image\/"}}]}},"_links":{"self":[{"href":"https:\/\/www.fysica.ee\/zh-hans\/wp-json\/wp\/v2\/pages\/1751","targetHints":{"allow":["GET"]}}],"collection":[{"href":"https:\/\/www.fysica.ee\/zh-hans\/wp-json\/wp\/v2\/pages"}],"about":[{"href":"https:\/\/www.fysica.ee\/zh-hans\/wp-json\/wp\/v2\/types\/page"}],"author":[{"embeddable":true,"href":"https:\/\/www.fysica.ee\/zh-hans\/wp-json\/wp\/v2\/users\/1"}],"replies":[{"embeddable":true,"href":"https:\/\/www.fysica.ee\/zh-hans\/wp-json\/wp\/v2\/comments?post=1751"}],"version-history":[{"count":1,"href":"https:\/\/www.fysica.ee\/zh-hans\/wp-json\/wp\/v2\/pages\/1751\/revisions"}],"predecessor-version":[{"id":1752,"href":"https:\/\/www.fysica.ee\/zh-hans\/wp-json\/wp\/v2\/pages\/1751\/revisions\/1752"}],"wp:attachment":[{"href":"https:\/\/www.fysica.ee\/zh-hans\/wp-json\/wp\/v2\/media?parent=1751"}],"curies":[{"name":"wp","href":"https:\/\/api.w.org\/{rel}","templated":true}]}}