{"id":1739,"date":"2024-11-20T13:34:02","date_gmt":"2024-11-20T13:34:02","guid":{"rendered":"https:\/\/fysica.ee\/%e5%85%b3%e4%ba%8e%e6%88%91%e4%bb%ac\/"},"modified":"2025-08-19T09:55:04","modified_gmt":"2025-08-19T09:55:04","slug":"%e5%85%b3%e4%ba%8e%e6%88%91%e4%bb%ac","status":"publish","type":"page","link":"https:\/\/www.fysica.ee\/zh-hans\/%e5%85%b3%e4%ba%8e%e6%88%91%e4%bb%ac\/","title":{"rendered":"\u5173\u4e8e\u6211\u4eec"},"content":{"rendered":"\t\t<div data-elementor-type=\"wp-page\" data-elementor-id=\"1739\" class=\"elementor elementor-1739 elementor-35\" data-elementor-post-type=\"page\">\n\t\t\t\t<div class=\"elementor-element elementor-element-9597503 e-flex e-con-boxed e-con e-parent\" data-id=\"9597503\" data-element_type=\"container\">\n\t\t\t\t\t<div class=\"e-con-inner\">\n\t\t\t\t<div class=\"elementor-element elementor-element-4a636b9 elementor-widget elementor-widget-heading\" data-id=\"4a636b9\" data-element_type=\"widget\" data-widget_type=\"heading.default\">\n\t\t\t\t<div class=\"elementor-widget-container\">\n\t\t\t\t\t<h1 class=\"elementor-heading-title elementor-size-default\">\u5173\u4e8e\u6211\u4eec<\/h1>\t\t\t\t<\/div>\n\t\t\t\t<\/div>\n\t\t\t\t\t<\/div>\n\t\t\t\t<\/div>\n\t\t<div class=\"elementor-element elementor-element-c81b5bc e-flex e-con-boxed e-con e-parent\" data-id=\"c81b5bc\" data-element_type=\"container\">\n\t\t\t\t\t<div class=\"e-con-inner\">\n\t\t\t\t<div class=\"elementor-element elementor-element-902503a elementor-widget elementor-widget-text-editor\" data-id=\"902503a\" data-element_type=\"widget\" data-widget_type=\"text-editor.default\">\n\t\t\t\t<div class=\"elementor-widget-container\">\n\t\t\t\t\t\t\t\t\t<p>Fysica \u516c\u53f8\u7684\u521b\u7acb\u7406\u5ff5\u662f\uff0c\u4eba\u53ef\u4ee5\u901a\u8fc7\u601d\u8003\u6539\u5584\u6216\u6539\u53d8\u8bb8\u591a\u4e8b\u7269\u3002\u5723\u7ecf\u627f\u8bfa\u6c38\u751f\uff0c\u8fd9\u4e5f\u662f Fysica \u521b\u59cb\u4eba\u7684\u7406\u5ff5\u3002\u4e5f\u5c31\u662f\u8bf4\uff0c\u4f17\u6240\u5468\u77e5\uff0c\u4eba\u7c7b\u7ec6\u80de\u5728\u5176\u751f\u547d\u5468\u671f\u5185\u4f1a\u8fdb\u884c\u591a\u6b21\u81ea\u6211\u66f4\u65b0\u3002\u5982\u679c\u7ec6\u80de\u80fd\u591f\u6301\u7eed\u81ea\u6211\u66f4\u65b0\uff0c\u6c38\u751f\u5c31\u6210\u4e3a\u53ef\u80fd\u3002\u7531\u4e8e\u7ec6\u80de\u80fd\u591f\u81ea\u6211\u66f4\u65b0\uff0c\u56e0\u6b64\uff0c\u4eba\u62e5\u6709\u7ec6\u80de\u81ea\u6211\u66f4\u65b0\u6240\u9700\u7684\u4e00\u5207\u3002\u4e5f\u5c31\u662f\u8bf4\uff0c\u4e00\u79cd\u673a\u5236\u3002Fysica \u521b\u59cb\u4eba\u7684\u7406\u5ff5\u662f\uff1a\u4eba\u5e76\u975e\u53ea\u4f1a\u601d\u8003\u6027\u548c\u98df\u7269\u7684\u52a8\u7269\u3002\u5982\u679c\u4e00\u4e2a\u4eba\u5728\u51a5\u60f3\u65f6\uff0c\u5411\u5927\u8111\u53d1\u51fa\u6307\u4ee4\uff0c\u8ba9\u7ec6\u80de\u81ea\u6211\u66f4\u65b0\uff0c\u90a3\u4e48\u7ec6\u80de\u5c31\u80fd\u81ea\u6211\u66f4\u65b0\u3002\u4e3a\u6b64\uff0c\u6211\u8bf7\u6c42\u9876\u5c16\u79d1\u5b66\u5bb6\u5c3d\u53ef\u80fd\u5730\u5408\u4f5c\uff0c\u5e76\u7814\u7a76\u662f\u5426\u53ef\u4ee5\u65bd\u7528\u4e00\u4e9b\u989d\u5916\u7684\u7269\u8d28\u6216\u836f\u7247\u6765\u4fc3\u8fdb\u7ec6\u80de\u66f4\u65b0\u3002<\/p>\n<p>Fysica \u7684\u521b\u7acb\u6e90\u4e8e\u4e00\u9879\u53d1\u73b0\uff1a\u5982\u679c\u4e00\u4e2a\u4eba\u7ad9\u8d77\u6765\uff0c\u60f3\u8c61\u80cc\u540e\u6709\u56db\u4e2a\u6b63\u65b9\u5f62\uff08\u5982\u56fe\u6240\u793a\uff09\uff0c\u5927\u8111\u5c31\u80fd\u8bc6\u522b\u51fa\u4e0d\u5bf9\u79f0\u7684\u8863\u670d\uff08\u5982\u679c\u8863\u670d\u7684\u4e00\u4fa7\u6709\u53e3\u888b\uff0c\u4f60\u5c31\u4f1a\u5e0c\u671b\u53e6\u4e00\u4fa7\u4e5f\u4e00\u6837\uff09\u3002\u540e\u6765\uff0c\u4eba\u4eec\u5f00\u59cb\u559c\u6b22\u5bf9\u79f0\u7684\u8863\u670d\u3002\u867d\u7136\u8fd9\u65b9\u9762\u7684\u7814\u7a76\u5df2\u7ecf\u8fdb\u884c\u4e86\u516d\u4e03\u5e74\uff0c\u4f46\u4eba\u4eec\u5df2\u7ecf\u6e05\u695a\u5730\u8ba4\u8bc6\u5230\uff0c\u4e0d\u5bf9\u79f0\u7684\u8863\u670d\u5e94\u8be5\u59cb\u7ec8\u7a7f\u7740\u3002\u8fd9\u65f6\uff0c\u90a3\u4e9b\u80fd\u4fc3\u8fdb\u5bf9\u79f0\u7684\u6b63\u65b9\u5f62\u6548\u679c\u4f1a\u66f4\u597d\u3002<\/p>\n<p>\u7531\u4e8e\u53ea\u6709\u5927\u8111\u540e\u65b9\u7684\u6b63\u65b9\u5f62\u4f1a\u611f\u5230\u538b\u529b\uff0c\u6240\u4ee5\u524d\u9762\u4e5f\u6709\u6b63\u65b9\u5f62\uff0c\u4ee5\u53ca\u7406\u60f3\u5973\u6027\/\u7537\u6027\u7684\u5f62\u8c61\u3002\u6bcf\u4ef6\u886c\u886b\u4e0a\u90fd\u6709\u8fd9\u6837\u7684\u56fe\u6848\uff08\u5982\u56fe\u6240\u793a\uff09\u3002\u91cc\u9762\u4e5f\u6709\u3002<\/p>\n\t\t\t\t\t\t\t\t<\/div>\n\t\t\t\t<\/div>\n\t\t\t\t\t<\/div>\n\t\t\t\t<\/div>\n\t\t\t\t<\/div>\n\t\t","protected":false},"excerpt":{"rendered":"<p>Fysica \u516c\u53f8\u7684\u521b\u7acb\u7406\u5ff5\u662f\uff0c\u4eba\u53ef\u4ee5\u901a [&hellip;]<\/p>\n","protected":false},"author":1,"featured_media":0,"parent":0,"menu_order":0,"comment_status":"closed","ping_status":"closed","template":"","meta":{"site-sidebar-layout":"no-sidebar","site-content-layout":"","ast-site-content-layout":"full-width-container","site-content-style":"default","site-sidebar-style":"default","ast-global-header-display":"","ast-banner-title-visibility":"","ast-main-header-display":"","ast-hfb-above-header-display":"","ast-hfb-below-header-display":"","ast-hfb-mobile-header-display":"","site-post-title":"disabled","ast-breadcrumbs-content":"","ast-featured-img":"disabled","footer-sml-layout":"","theme-transparent-header-meta":"default","adv-header-id-meta":"","stick-header-meta":"","header-above-stick-meta":"","header-main-stick-meta":"","header-below-stick-meta":"","astra-migrate-meta-layouts":"default","ast-page-background-enabled":"default","ast-page-background-meta":{"desktop":{"background-color":"var(--ast-global-color-4)","background-image":"","background-repeat":"repeat","background-position":"center center","background-size":"auto","background-attachment":"scroll","background-type":"","background-media":"","overlay-type":"","overlay-color":"","overlay-opacity":"","overlay-gradient":""},"tablet":{"background-color":"","background-image":"","background-repeat":"repeat","background-position":"center center","background-size":"auto","background-attachment":"scroll","background-type":"","background-media":"","overlay-type":"","overlay-color":"","overlay-opacity":"","overlay-gradient":""},"mobile":{"background-color":"","background-image":"","background-repeat":"repeat","background-position":"center center","background-size":"auto","background-attachment":"scroll","background-type":"","background-media":"","overlay-type":"","overlay-color":"","overlay-opacity":"","overlay-gradient":""}},"ast-content-background-meta":{"desktop":{"background-color":"var(--ast-global-color-5)","background-image":"","background-repeat":"repeat","background-position":"center center","background-size":"auto","background-attachment":"scroll","background-type":"","background-media":"","overlay-type":"","overlay-color":"","overlay-opacity":"","overlay-gradient":""},"tablet":{"background-color":"var(--ast-global-color-5)","background-image":"","background-repeat":"repeat","background-position":"center center","background-size":"auto","background-attachment":"scroll","background-type":"","background-media":"","overlay-type":"","overlay-color":"","overlay-opacity":"","overlay-gradient":""},"mobile":{"background-color":"var(--ast-global-color-5)","background-image":"","background-repeat":"repeat","background-position":"center center","background-size":"auto","background-attachment":"scroll","background-type":"","background-media":"","overlay-type":"","overlay-color":"","overlay-opacity":"","overlay-gradient":""}},"footnotes":""},"class_list":["post-1739","page","type-page","status-publish","hentry"],"yoast_head":"<!-- This site is optimized with the Yoast SEO plugin v25.7 - https:\/\/yoast.com\/wordpress\/plugins\/seo\/ -->\n<title>\u5173\u4e8e\u6211\u4eec - Fysica O\u00dc - kvaliteetsed k\u00e4sit\u00f6\u00f6r\u00f5ivad<\/title>\n<meta name=\"robots\" content=\"index, follow, max-snippet:-1, max-image-preview:large, max-video-preview:-1\" \/>\n<link rel=\"canonical\" href=\"https:\/\/www.fysica.ee\/zh-hans\/%e5%85%b3%e4%ba%8e%e6%88%91%e4%bb%ac\/\" \/>\n<meta property=\"og:locale\" content=\"zh_CN\" \/>\n<meta property=\"og:type\" content=\"article\" \/>\n<meta property=\"og:title\" content=\"\u5173\u4e8e\u6211\u4eec - Fysica O\u00dc - kvaliteetsed k\u00e4sit\u00f6\u00f6r\u00f5ivad\" \/>\n<meta property=\"og:description\" content=\"Fysica \u516c\u53f8\u7684\u521b\u7acb\u7406\u5ff5\u662f\uff0c\u4eba\u53ef\u4ee5\u901a [&hellip;]\" \/>\n<meta property=\"og:url\" content=\"https:\/\/www.fysica.ee\/zh-hans\/%e5%85%b3%e4%ba%8e%e6%88%91%e4%bb%ac\/\" \/>\n<meta property=\"og:site_name\" content=\"Fysica O\u00dc - kvaliteetsed k\u00e4sit\u00f6\u00f6r\u00f5ivad\" \/>\n<meta property=\"article:modified_time\" content=\"2025-08-19T09:55:04+00:00\" \/>\n<meta name=\"twitter:card\" content=\"summary_large_image\" \/>\n<script type=\"application\/ld+json\" class=\"yoast-schema-graph\">{\"@context\":\"https:\/\/schema.org\",\"@graph\":[{\"@type\":\"WebPage\",\"@id\":\"https:\/\/www.fysica.ee\/zh-hans\/%e5%85%b3%e4%ba%8e%e6%88%91%e4%bb%ac\/\",\"url\":\"https:\/\/www.fysica.ee\/zh-hans\/%e5%85%b3%e4%ba%8e%e6%88%91%e4%bb%ac\/\",\"name\":\"\u5173\u4e8e\u6211\u4eec - Fysica O\u00dc - kvaliteetsed k\u00e4sit\u00f6\u00f6r\u00f5ivad\",\"isPartOf\":{\"@id\":\"https:\/\/fysica.ee\/#website\"},\"datePublished\":\"2024-11-20T13:34:02+00:00\",\"dateModified\":\"2025-08-19T09:55:04+00:00\",\"breadcrumb\":{\"@id\":\"https:\/\/www.fysica.ee\/zh-hans\/%e5%85%b3%e4%ba%8e%e6%88%91%e4%bb%ac\/#breadcrumb\"},\"inLanguage\":\"zh-Hans\",\"potentialAction\":[{\"@type\":\"ReadAction\",\"target\":[\"https:\/\/www.fysica.ee\/zh-hans\/%e5%85%b3%e4%ba%8e%e6%88%91%e4%bb%ac\/\"]}]},{\"@type\":\"BreadcrumbList\",\"@id\":\"https:\/\/www.fysica.ee\/zh-hans\/%e5%85%b3%e4%ba%8e%e6%88%91%e4%bb%ac\/#breadcrumb\",\"itemListElement\":[{\"@type\":\"ListItem\",\"position\":1,\"name\":\"Home\",\"item\":\"https:\/\/www.fysica.ee\/zh-hans\/\"},{\"@type\":\"ListItem\",\"position\":2,\"name\":\"\u5173\u4e8e\u6211\u4eec\"}]},{\"@type\":\"WebSite\",\"@id\":\"https:\/\/fysica.ee\/#website\",\"url\":\"https:\/\/fysica.ee\/\",\"name\":\"Fysica O\u00dc - kvaliteetsed k\u00e4sit\u00f6\u00f6r\u00f5ivad\",\"description\":\"Fysica O\u00dc - kvaliteetsed k\u00e4sit\u00f6\u00f6r\u00f5ivad\",\"publisher\":{\"@id\":\"https:\/\/fysica.ee\/#organization\"},\"potentialAction\":[{\"@type\":\"SearchAction\",\"target\":{\"@type\":\"EntryPoint\",\"urlTemplate\":\"https:\/\/fysica.ee\/?s={search_term_string}\"},\"query-input\":{\"@type\":\"PropertyValueSpecification\",\"valueRequired\":true,\"valueName\":\"search_term_string\"}}],\"inLanguage\":\"zh-Hans\"},{\"@type\":\"Organization\",\"@id\":\"https:\/\/fysica.ee\/#organization\",\"name\":\"Fysica O\u00dc\",\"url\":\"https:\/\/fysica.ee\/\",\"logo\":{\"@type\":\"ImageObject\",\"inLanguage\":\"zh-Hans\",\"@id\":\"https:\/\/fysica.ee\/#\/schema\/logo\/image\/\",\"url\":\"https:\/\/www.fysica.ee\/wp-content\/uploads\/2024\/11\/Fysica-logo.png\",\"contentUrl\":\"https:\/\/www.fysica.ee\/wp-content\/uploads\/2024\/11\/Fysica-logo.png\",\"width\":390,\"height\":300,\"caption\":\"Fysica O\u00dc\"},\"image\":{\"@id\":\"https:\/\/fysica.ee\/#\/schema\/logo\/image\/\"}}]}<\/script>\n<!-- \/ Yoast SEO plugin. -->","yoast_head_json":{"title":"\u5173\u4e8e\u6211\u4eec - Fysica O\u00dc - kvaliteetsed k\u00e4sit\u00f6\u00f6r\u00f5ivad","robots":{"index":"index","follow":"follow","max-snippet":"max-snippet:-1","max-image-preview":"max-image-preview:large","max-video-preview":"max-video-preview:-1"},"canonical":"https:\/\/www.fysica.ee\/zh-hans\/%e5%85%b3%e4%ba%8e%e6%88%91%e4%bb%ac\/","og_locale":"zh_CN","og_type":"article","og_title":"\u5173\u4e8e\u6211\u4eec - Fysica O\u00dc - kvaliteetsed k\u00e4sit\u00f6\u00f6r\u00f5ivad","og_description":"Fysica \u516c\u53f8\u7684\u521b\u7acb\u7406\u5ff5\u662f\uff0c\u4eba\u53ef\u4ee5\u901a [&hellip;]","og_url":"https:\/\/www.fysica.ee\/zh-hans\/%e5%85%b3%e4%ba%8e%e6%88%91%e4%bb%ac\/","og_site_name":"Fysica O\u00dc - kvaliteetsed k\u00e4sit\u00f6\u00f6r\u00f5ivad","article_modified_time":"2025-08-19T09:55:04+00:00","twitter_card":"summary_large_image","schema":{"@context":"https:\/\/schema.org","@graph":[{"@type":"WebPage","@id":"https:\/\/www.fysica.ee\/zh-hans\/%e5%85%b3%e4%ba%8e%e6%88%91%e4%bb%ac\/","url":"https:\/\/www.fysica.ee\/zh-hans\/%e5%85%b3%e4%ba%8e%e6%88%91%e4%bb%ac\/","name":"\u5173\u4e8e\u6211\u4eec - Fysica O\u00dc - kvaliteetsed k\u00e4sit\u00f6\u00f6r\u00f5ivad","isPartOf":{"@id":"https:\/\/fysica.ee\/#website"},"datePublished":"2024-11-20T13:34:02+00:00","dateModified":"2025-08-19T09:55:04+00:00","breadcrumb":{"@id":"https:\/\/www.fysica.ee\/zh-hans\/%e5%85%b3%e4%ba%8e%e6%88%91%e4%bb%ac\/#breadcrumb"},"inLanguage":"zh-Hans","potentialAction":[{"@type":"ReadAction","target":["https:\/\/www.fysica.ee\/zh-hans\/%e5%85%b3%e4%ba%8e%e6%88%91%e4%bb%ac\/"]}]},{"@type":"BreadcrumbList","@id":"https:\/\/www.fysica.ee\/zh-hans\/%e5%85%b3%e4%ba%8e%e6%88%91%e4%bb%ac\/#breadcrumb","itemListElement":[{"@type":"ListItem","position":1,"name":"Home","item":"https:\/\/www.fysica.ee\/zh-hans\/"},{"@type":"ListItem","position":2,"name":"\u5173\u4e8e\u6211\u4eec"}]},{"@type":"WebSite","@id":"https:\/\/fysica.ee\/#website","url":"https:\/\/fysica.ee\/","name":"Fysica O\u00dc - kvaliteetsed k\u00e4sit\u00f6\u00f6r\u00f5ivad","description":"Fysica O\u00dc - kvaliteetsed k\u00e4sit\u00f6\u00f6r\u00f5ivad","publisher":{"@id":"https:\/\/fysica.ee\/#organization"},"potentialAction":[{"@type":"SearchAction","target":{"@type":"EntryPoint","urlTemplate":"https:\/\/fysica.ee\/?s={search_term_string}"},"query-input":{"@type":"PropertyValueSpecification","valueRequired":true,"valueName":"search_term_string"}}],"inLanguage":"zh-Hans"},{"@type":"Organization","@id":"https:\/\/fysica.ee\/#organization","name":"Fysica O\u00dc","url":"https:\/\/fysica.ee\/","logo":{"@type":"ImageObject","inLanguage":"zh-Hans","@id":"https:\/\/fysica.ee\/#\/schema\/logo\/image\/","url":"https:\/\/www.fysica.ee\/wp-content\/uploads\/2024\/11\/Fysica-logo.png","contentUrl":"https:\/\/www.fysica.ee\/wp-content\/uploads\/2024\/11\/Fysica-logo.png","width":390,"height":300,"caption":"Fysica O\u00dc"},"image":{"@id":"https:\/\/fysica.ee\/#\/schema\/logo\/image\/"}}]}},"_links":{"self":[{"href":"https:\/\/www.fysica.ee\/zh-hans\/wp-json\/wp\/v2\/pages\/1739","targetHints":{"allow":["GET"]}}],"collection":[{"href":"https:\/\/www.fysica.ee\/zh-hans\/wp-json\/wp\/v2\/pages"}],"about":[{"href":"https:\/\/www.fysica.ee\/zh-hans\/wp-json\/wp\/v2\/types\/page"}],"author":[{"embeddable":true,"href":"https:\/\/www.fysica.ee\/zh-hans\/wp-json\/wp\/v2\/users\/1"}],"replies":[{"embeddable":true,"href":"https:\/\/www.fysica.ee\/zh-hans\/wp-json\/wp\/v2\/comments?post=1739"}],"version-history":[{"count":1,"href":"https:\/\/www.fysica.ee\/zh-hans\/wp-json\/wp\/v2\/pages\/1739\/revisions"}],"predecessor-version":[{"id":1740,"href":"https:\/\/www.fysica.ee\/zh-hans\/wp-json\/wp\/v2\/pages\/1739\/revisions\/1740"}],"wp:attachment":[{"href":"https:\/\/www.fysica.ee\/zh-hans\/wp-json\/wp\/v2\/media?parent=1739"}],"curies":[{"name":"wp","href":"https:\/\/api.w.org\/{rel}","templated":true}]}}