{"id":558,"date":"2024-11-20T13:34:02","date_gmt":"2024-11-20T13:34:02","guid":{"rendered":"https:\/\/fysica.ee\/about-us\/"},"modified":"2024-12-12T07:45:13","modified_gmt":"2024-12-12T07:45:13","slug":"about-us","status":"publish","type":"page","link":"https:\/\/www.fysica.ee\/en\/about-us\/","title":{"rendered":"About us"},"content":{"rendered":"\t\t<div data-elementor-type=\"wp-page\" data-elementor-id=\"558\" class=\"elementor elementor-558 elementor-35\" data-elementor-post-type=\"page\">\n\t\t\t\t<div class=\"elementor-element elementor-element-9597503 e-flex e-con-boxed e-con e-parent\" data-id=\"9597503\" data-element_type=\"container\">\n\t\t\t\t\t<div class=\"e-con-inner\">\n\t\t\t\t<div class=\"elementor-element elementor-element-4a636b9 elementor-widget elementor-widget-heading\" data-id=\"4a636b9\" data-element_type=\"widget\" data-widget_type=\"heading.default\">\n\t\t\t\t<div class=\"elementor-widget-container\">\n\t\t\t\t\t<h1 class=\"elementor-heading-title elementor-size-default\">About us<\/h1>\t\t\t\t<\/div>\n\t\t\t\t<\/div>\n\t\t\t\t\t<\/div>\n\t\t\t\t<\/div>\n\t\t<div class=\"elementor-element elementor-element-c81b5bc e-flex e-con-boxed e-con e-parent\" data-id=\"c81b5bc\" data-element_type=\"container\">\n\t\t\t\t\t<div class=\"e-con-inner\">\n\t\t\t\t<div class=\"elementor-element elementor-element-902503a elementor-widget elementor-widget-text-editor\" data-id=\"902503a\" data-element_type=\"widget\" data-widget_type=\"text-editor.default\">\n\t\t\t\t<div class=\"elementor-widget-container\">\n\t\t\t\t\t\t\t\t\t<p>Fysica was created with the idea that people can improve or change a lot of things by thinking about them. The Bible promises everlasting life, and so does the creator of Fysica. It is a known fact that human cells renew themselves a few times during a lifetime. And eternal life would be possible, if only cells could stay renewed. Since cells renew themselves, it follows that humans have everything they need to renew their cells. S.t. mechanism. Here is the idea of the creator of Fysica &#8211; that man is not an animal who thinks only of sex and food. When the person meditates and commands the brain. So that cells renew. Then so be it. At this point, I would also ask top scientists to cooperate as much as possible and to investigate the possibility of having to administer some kind of supplement or tablet. To promote cell renewal.<\/p>\n<p>The creation of Fysica started with the discovery that when a person stands up and imagines 4 squares ( pictured ) on their back, the brain recognises asymmetrical clothing ( if one side of an item of clothing has a pocket you want the other side to have the same pocket). Later on, you start to love symmetrical clothes. Even though the development has been going on for 6-7 years, it has become clear that something asymmetrical should always be worn. Then the symmetry-promoting squares work better.<\/p>\n<p>Since only the squares at the back are taxing the brain, so are the squares above and the image of the ideal woman\/man. This is on every shirt ( as in the picture ) . And inside.<\/p>\n\t\t\t\t\t\t\t\t<\/div>\n\t\t\t\t<\/div>\n\t\t\t\t\t<\/div>\n\t\t\t\t<\/div>\n\t\t\t\t<\/div>\n\t\t","protected":false},"excerpt":{"rendered":"<p>Fysica was created with the idea that people can improve or change a lot of things by thinking about them. [&hellip;]<\/p>\n","protected":false},"author":1,"featured_media":0,"parent":0,"menu_order":0,"comment_status":"closed","ping_status":"closed","template":"","meta":{"site-sidebar-layout":"no-sidebar","site-content-layout":"","ast-site-content-layout":"full-width-container","site-content-style":"default","site-sidebar-style":"default","ast-global-header-display":"","ast-banner-title-visibility":"","ast-main-header-display":"","ast-hfb-above-header-display":"","ast-hfb-below-header-display":"","ast-hfb-mobile-header-display":"","site-post-title":"disabled","ast-breadcrumbs-content":"","ast-featured-img":"disabled","footer-sml-layout":"","theme-transparent-header-meta":"default","adv-header-id-meta":"","stick-header-meta":"","header-above-stick-meta":"","header-main-stick-meta":"","header-below-stick-meta":"","astra-migrate-meta-layouts":"default","ast-page-background-enabled":"default","ast-page-background-meta":{"desktop":{"background-color":"var(--ast-global-color-4)","background-image":"","background-repeat":"repeat","background-position":"center center","background-size":"auto","background-attachment":"scroll","background-type":"","background-media":"","overlay-type":"","overlay-color":"","overlay-opacity":"","overlay-gradient":""},"tablet":{"background-color":"","background-image":"","background-repeat":"repeat","background-position":"center center","background-size":"auto","background-attachment":"scroll","background-type":"","background-media":"","overlay-type":"","overlay-color":"","overlay-opacity":"","overlay-gradient":""},"mobile":{"background-color":"","background-image":"","background-repeat":"repeat","background-position":"center center","background-size":"auto","background-attachment":"scroll","background-type":"","background-media":"","overlay-type":"","overlay-color":"","overlay-opacity":"","overlay-gradient":""}},"ast-content-background-meta":{"desktop":{"background-color":"var(--ast-global-color-5)","background-image":"","background-repeat":"repeat","background-position":"center center","background-size":"auto","background-attachment":"scroll","background-type":"","background-media":"","overlay-type":"","overlay-color":"","overlay-opacity":"","overlay-gradient":""},"tablet":{"background-color":"var(--ast-global-color-5)","background-image":"","background-repeat":"repeat","background-position":"center center","background-size":"auto","background-attachment":"scroll","background-type":"","background-media":"","overlay-type":"","overlay-color":"","overlay-opacity":"","overlay-gradient":""},"mobile":{"background-color":"var(--ast-global-color-5)","background-image":"","background-repeat":"repeat","background-position":"center center","background-size":"auto","background-attachment":"scroll","background-type":"","background-media":"","overlay-type":"","overlay-color":"","overlay-opacity":"","overlay-gradient":""}},"footnotes":""},"class_list":["post-558","page","type-page","status-publish","hentry"],"yoast_head":"<!-- This site is optimized with the Yoast SEO plugin v25.7 - https:\/\/yoast.com\/wordpress\/plugins\/seo\/ -->\n<title>About us - Fysica O\u00dc - kvaliteetsed k\u00e4sit\u00f6\u00f6r\u00f5ivad<\/title>\n<meta name=\"robots\" content=\"index, follow, max-snippet:-1, max-image-preview:large, max-video-preview:-1\" \/>\n<link rel=\"canonical\" href=\"https:\/\/www.fysica.ee\/en\/about-us\/\" \/>\n<meta property=\"og:locale\" content=\"en_US\" \/>\n<meta property=\"og:type\" content=\"article\" \/>\n<meta property=\"og:title\" content=\"About us - Fysica O\u00dc - kvaliteetsed k\u00e4sit\u00f6\u00f6r\u00f5ivad\" \/>\n<meta property=\"og:description\" content=\"Fysica was created with the idea that people can improve or change a lot of things by thinking about them. [&hellip;]\" \/>\n<meta property=\"og:url\" content=\"https:\/\/www.fysica.ee\/en\/about-us\/\" \/>\n<meta property=\"og:site_name\" content=\"Fysica O\u00dc - kvaliteetsed k\u00e4sit\u00f6\u00f6r\u00f5ivad\" \/>\n<meta property=\"article:modified_time\" content=\"2024-12-12T07:45:13+00:00\" \/>\n<meta name=\"twitter:card\" content=\"summary_large_image\" \/>\n<meta name=\"twitter:label1\" content=\"Est. reading time\" \/>\n\t<meta name=\"twitter:data1\" content=\"1 minute\" \/>\n<script type=\"application\/ld+json\" class=\"yoast-schema-graph\">{\"@context\":\"https:\/\/schema.org\",\"@graph\":[{\"@type\":\"WebPage\",\"@id\":\"https:\/\/www.fysica.ee\/en\/about-us\/\",\"url\":\"https:\/\/www.fysica.ee\/en\/about-us\/\",\"name\":\"About us - Fysica O\u00dc - kvaliteetsed k\u00e4sit\u00f6\u00f6r\u00f5ivad\",\"isPartOf\":{\"@id\":\"https:\/\/fysica.ee\/#website\"},\"datePublished\":\"2024-11-20T13:34:02+00:00\",\"dateModified\":\"2024-12-12T07:45:13+00:00\",\"breadcrumb\":{\"@id\":\"https:\/\/www.fysica.ee\/en\/about-us\/#breadcrumb\"},\"inLanguage\":\"en-US\",\"potentialAction\":[{\"@type\":\"ReadAction\",\"target\":[\"https:\/\/www.fysica.ee\/en\/about-us\/\"]}]},{\"@type\":\"BreadcrumbList\",\"@id\":\"https:\/\/www.fysica.ee\/en\/about-us\/#breadcrumb\",\"itemListElement\":[{\"@type\":\"ListItem\",\"position\":1,\"name\":\"Home\",\"item\":\"https:\/\/fysica.ee\/en\/\"},{\"@type\":\"ListItem\",\"position\":2,\"name\":\"About us\"}]},{\"@type\":\"WebSite\",\"@id\":\"https:\/\/fysica.ee\/#website\",\"url\":\"https:\/\/fysica.ee\/\",\"name\":\"Fysica O\u00dc - kvaliteetsed k\u00e4sit\u00f6\u00f6r\u00f5ivad\",\"description\":\"Fysica O\u00dc - kvaliteetsed k\u00e4sit\u00f6\u00f6r\u00f5ivad\",\"publisher\":{\"@id\":\"https:\/\/fysica.ee\/#organization\"},\"potentialAction\":[{\"@type\":\"SearchAction\",\"target\":{\"@type\":\"EntryPoint\",\"urlTemplate\":\"https:\/\/fysica.ee\/?s={search_term_string}\"},\"query-input\":{\"@type\":\"PropertyValueSpecification\",\"valueRequired\":true,\"valueName\":\"search_term_string\"}}],\"inLanguage\":\"en-US\"},{\"@type\":\"Organization\",\"@id\":\"https:\/\/fysica.ee\/#organization\",\"name\":\"Fysica O\u00dc\",\"url\":\"https:\/\/fysica.ee\/\",\"logo\":{\"@type\":\"ImageObject\",\"inLanguage\":\"en-US\",\"@id\":\"https:\/\/fysica.ee\/#\/schema\/logo\/image\/\",\"url\":\"https:\/\/www.fysica.ee\/wp-content\/uploads\/2024\/11\/Fysica-logo.png\",\"contentUrl\":\"https:\/\/www.fysica.ee\/wp-content\/uploads\/2024\/11\/Fysica-logo.png\",\"width\":390,\"height\":300,\"caption\":\"Fysica O\u00dc\"},\"image\":{\"@id\":\"https:\/\/fysica.ee\/#\/schema\/logo\/image\/\"}}]}<\/script>\n<!-- \/ Yoast SEO plugin. -->","yoast_head_json":{"title":"About us - Fysica O\u00dc - kvaliteetsed k\u00e4sit\u00f6\u00f6r\u00f5ivad","robots":{"index":"index","follow":"follow","max-snippet":"max-snippet:-1","max-image-preview":"max-image-preview:large","max-video-preview":"max-video-preview:-1"},"canonical":"https:\/\/www.fysica.ee\/en\/about-us\/","og_locale":"en_US","og_type":"article","og_title":"About us - Fysica O\u00dc - kvaliteetsed k\u00e4sit\u00f6\u00f6r\u00f5ivad","og_description":"Fysica was created with the idea that people can improve or change a lot of things by thinking about them. [&hellip;]","og_url":"https:\/\/www.fysica.ee\/en\/about-us\/","og_site_name":"Fysica O\u00dc - kvaliteetsed k\u00e4sit\u00f6\u00f6r\u00f5ivad","article_modified_time":"2024-12-12T07:45:13+00:00","twitter_card":"summary_large_image","twitter_misc":{"Est. reading time":"1 minute"},"schema":{"@context":"https:\/\/schema.org","@graph":[{"@type":"WebPage","@id":"https:\/\/www.fysica.ee\/en\/about-us\/","url":"https:\/\/www.fysica.ee\/en\/about-us\/","name":"About us - Fysica O\u00dc - kvaliteetsed k\u00e4sit\u00f6\u00f6r\u00f5ivad","isPartOf":{"@id":"https:\/\/fysica.ee\/#website"},"datePublished":"2024-11-20T13:34:02+00:00","dateModified":"2024-12-12T07:45:13+00:00","breadcrumb":{"@id":"https:\/\/www.fysica.ee\/en\/about-us\/#breadcrumb"},"inLanguage":"en-US","potentialAction":[{"@type":"ReadAction","target":["https:\/\/www.fysica.ee\/en\/about-us\/"]}]},{"@type":"BreadcrumbList","@id":"https:\/\/www.fysica.ee\/en\/about-us\/#breadcrumb","itemListElement":[{"@type":"ListItem","position":1,"name":"Home","item":"https:\/\/fysica.ee\/en\/"},{"@type":"ListItem","position":2,"name":"About us"}]},{"@type":"WebSite","@id":"https:\/\/fysica.ee\/#website","url":"https:\/\/fysica.ee\/","name":"Fysica O\u00dc - kvaliteetsed k\u00e4sit\u00f6\u00f6r\u00f5ivad","description":"Fysica O\u00dc - kvaliteetsed k\u00e4sit\u00f6\u00f6r\u00f5ivad","publisher":{"@id":"https:\/\/fysica.ee\/#organization"},"potentialAction":[{"@type":"SearchAction","target":{"@type":"EntryPoint","urlTemplate":"https:\/\/fysica.ee\/?s={search_term_string}"},"query-input":{"@type":"PropertyValueSpecification","valueRequired":true,"valueName":"search_term_string"}}],"inLanguage":"en-US"},{"@type":"Organization","@id":"https:\/\/fysica.ee\/#organization","name":"Fysica O\u00dc","url":"https:\/\/fysica.ee\/","logo":{"@type":"ImageObject","inLanguage":"en-US","@id":"https:\/\/fysica.ee\/#\/schema\/logo\/image\/","url":"https:\/\/www.fysica.ee\/wp-content\/uploads\/2024\/11\/Fysica-logo.png","contentUrl":"https:\/\/www.fysica.ee\/wp-content\/uploads\/2024\/11\/Fysica-logo.png","width":390,"height":300,"caption":"Fysica O\u00dc"},"image":{"@id":"https:\/\/fysica.ee\/#\/schema\/logo\/image\/"}}]}},"_links":{"self":[{"href":"https:\/\/www.fysica.ee\/en\/wp-json\/wp\/v2\/pages\/558","targetHints":{"allow":["GET"]}}],"collection":[{"href":"https:\/\/www.fysica.ee\/en\/wp-json\/wp\/v2\/pages"}],"about":[{"href":"https:\/\/www.fysica.ee\/en\/wp-json\/wp\/v2\/types\/page"}],"author":[{"embeddable":true,"href":"https:\/\/www.fysica.ee\/en\/wp-json\/wp\/v2\/users\/1"}],"replies":[{"embeddable":true,"href":"https:\/\/www.fysica.ee\/en\/wp-json\/wp\/v2\/comments?post=558"}],"version-history":[{"count":1,"href":"https:\/\/www.fysica.ee\/en\/wp-json\/wp\/v2\/pages\/558\/revisions"}],"predecessor-version":[{"id":559,"href":"https:\/\/www.fysica.ee\/en\/wp-json\/wp\/v2\/pages\/558\/revisions\/559"}],"wp:attachment":[{"href":"https:\/\/www.fysica.ee\/en\/wp-json\/wp\/v2\/media?parent=558"}],"curies":[{"name":"wp","href":"https:\/\/api.w.org\/{rel}","templated":true}]}}