{"id":1280,"date":"2024-12-12T13:02:25","date_gmt":"2024-12-12T13:02:25","guid":{"rendered":"https:\/\/fysica.ee\/terms-of-sale-and-return\/"},"modified":"2024-12-12T13:02:25","modified_gmt":"2024-12-12T13:02:25","slug":"terms-of-sale-and-return","status":"publish","type":"page","link":"https:\/\/www.fysica.ee\/en\/terms-of-sale-and-return\/","title":{"rendered":"Terms of sale and return"},"content":{"rendered":"<p>The owner of the online store https:\/\/fysica.ee (hereinafter referred to as the Online Store) is Fysica O\u00dc (registration code 16717941), located at Kivi tn 4a-13, Vasalemma alevik, L\u00e4\u00e4ne-Harju parish, Harju county, 76101.<\/p>\n<p>Validity of the sales contract, product and price information<\/p>\n<p>The terms and conditions of sale apply when purchasing goods from the Online Store.<\/p>\n<p>Information about the goods is provided in the Online Store directly next to the goods.<\/p>\n<p>The prices of the products sold in the Online Store are indicated next to the products. A fee for delivering the goods is added to the price.<\/p>\n<p>The delivery fee for the goods depends on the buyer&#8217;s location and the method of delivery. The delivery fee is displayed to the buyer when placing the order.<\/p>\n<p>Delivery fees in Estonia:<\/p>\n<p>DHL courier \u2013 19.90<br \/>\nThe goods are sent via DHL courier.<\/p>\n<p>Ordering<\/p>\n<p>To order goods, you must add the desired products to the shopping cart. To place an order, you must fill in the required data fields and select the appropriate delivery method for the products. The amount of the fee will then be displayed on the screen, which can be paid securely through the following payment methods:<\/p>\n<p>by bank transfer<br \/>\nBy card payment.<br \/>\nThe prices of goods sold in the online store are in euros. We also accept payments in euros (\u20ac).<\/p>\n<p>The contract enters into force upon receipt of the amount due to the online store&#8217;s bank account.<\/p>\n<p>If the ordered goods cannot be delivered due to the goods being out of stock or for any other reason, the buyer will be notified as soon as possible and the money paid (including the costs of delivering the goods) will be refunded immediately, but no later than 14 days from the date of sending the notification.<\/p>\n<p>Delivery<\/p>\n<p>Goods are shipped to the following countries: Worldwide (except for countries under restrictions).<\/p>\n<p>The shipping costs of the goods are borne by the buyer and the corresponding price information is displayed next to the shipping method.<\/p>\n<p>Shipments within Estonia generally reach the destination specified by the buyer within 3-14 business days from the entry into force of the sales contract. Delivery outside Estonia takes place within 21 calendar days.<\/p>\n<p>In exceptional cases, the right to deliver the goods is up to 45 calendar days.<\/p>\n<p>Right of withdrawal<\/p>\n<p>After receiving the order, the buyer has the right to withdraw from the contract concluded in the online store within 14 days.<\/p>\n<p>The right of withdrawal does not apply if the buyer is a legal entity.<\/p>\n<p>To exercise the 14-day right of return, the ordered goods may not be used in any way other than what is necessary to verify the nature, characteristics and functioning of the goods in the manner permitted for testing the goods in a physical store.<\/p>\n<p>If the goods have been used for a purpose other than that necessary to verify the nature, properties and functioning of the goods or if they show signs of use or wear, the Online Store has the right to reduce the refund fee according to the decrease in the value of the goods.<\/p>\n<p>To return the goods, a withdrawal form must be submitted and sent to the e-mail address info@fysica.ee no later than 14 days after receipt of the goods.<\/p>\n<p>The costs of returning the goods are borne by the buyer, unless the reason for the return is that the item to be returned does not correspond to the order (e.g. a wrong or defective item).<\/p>\n<p>The buyer must return the goods within 14 days of submitting the application or provide proof that he or she has handed over the goods to the carrier of the goods within the aforementioned period.<\/p>\n<p>Upon receipt of the returned goods, the Online Store will refund to the buyer all fees received from the buyer under the contract without delay, but no later than 14 days after receipt of the withdrawal form. If the order is returned in part, we will refund the postage paid for the order in proportion to the number of returned products.<\/p>\n<p>The Online Store may refuse to make refunds until the item that is the subject of the contract has been returned or until the Buyer has provided evidence that the item has been returned, whichever occurs first.<\/p>\n<p>If the Buyer has expressly chosen a delivery method other than the cheapest standard delivery method offered by the Online Store, the Online Store is not required to refund the Consumer any costs that exceed the costs associated with the standard delivery method.<\/p>\n<p>The Online Store has the right to withdraw from the sales transaction and demand the return of the item from the Buyer if the price of the item in the Online Store has been indicated significantly below the market price of the item due to an error.<\/p>\n<div class=\"n4sEPd\">\n<div class=\"FFpbKc\">\n<div class=\"xMmqsf\">\n<p><span class=\"ZTPlmc\" dir=\"ltr\" role=\"img\" aria-label=\"Kasutatud on 1\u00a0675 t\u00e4hem\u00e4rki 5\u00a0000-st\">1\u00a0675\u00a0\/\u00a05\u00a0000<\/span><\/p>\n<div class=\"nidPne\">\n<div data-show-delay-ms=\"250\" data-append-to-body=\"true\" data-propagate-tooltip-mouseover-events=\"true\" data-anchor-corner=\"bottom-left\" data-enable-skip-handler=\"true\" data-popup-corner=\"top-left\">\n<div class=\"dig2sb\">\n<div class=\"scLCMd\">\n<div>\n<div class=\"goog-container goog-container-vertical\" tabindex=\"-1\"><\/div>\n<\/div>\n<\/div>\n<\/div>\n<\/div>\n<\/div>\n<\/div>\n<\/div>\n<\/div>\n<h2 id=\"ucj-12\" class=\"oBOnKe\">T\u00f5lke tulemused<\/h2>\n<div class=\"QcsUad BDJ8fb BLojaf sMVRZe hCXDsb wneUed\">\n<h3 class=\"oBOnKe\">T\u00f5lketulemus<\/h3>\n<div class=\"usGWQd\">\n<div class=\"KkbLmb\">\n<div class=\"lRu31\" dir=\"ltr\"><span class=\"HwtZe\" lang=\"en\"><span class=\"jCAhz ChMk0b\"><span class=\"ryNqvb\">Right to file a claim The Online Store is liable for any non-conformity or defect of the goods sold to the Buyer that already existed at the time of delivery of the goods and that becomes apparent within two years of the delivery of the goods to the Buyer.<\/span><\/span> <span class=\"jCAhz ChMk0b\"><span class=\"ryNqvb\">During the first six months of the delivery of the goods to the Buyer, it is assumed that the defect already existed at the time of delivery of the goods.<\/span><\/span> <span class=\"jCAhz\"><span class=\"ryNqvb\">It is the Online Store&#8217;s obligation to rebut this presumption.<\/span><\/span><span class=\"jCAhz ChMk0b\"><span class=\"ryNqvb\"> The Buyer has the right to contact the Online Store within two months of the discovery of a defect by sending an e-mail to info@fysica.ee or by calling +372 5610 3132 The Online Store is not liable for defects that have arisen after the goods have been delivered to the Buyer.<\/span><\/span><span class=\"jCAhz\"><span class=\"ryNqvb\"> If the goods purchased from the Online Store have defects for which the Online Store is liable, the Online Store will repair or replace the defective goods.<\/span><\/span> <span class=\"jCAhz\"><span class=\"ryNqvb\">If it is not possible to repair or replace the goods, the Online Store will refund all fees associated with the sales contract to the Buyer.<\/span><\/span><span class=\"jCAhz ChMk0b\"><span class=\"ryNqvb\"> The online store shall respond to the complaint submitted by the consumer in writing or in a form that allows for written reproduction within 15 days.<\/span><\/span><span class=\"jCAhz ChMk0b\"><span class=\"ryNqvb\"> Processing of personal data The online store uses the personal data entered by the buyer (including name, telephone number, address, e-mail address, bank details) only for processing the order and sending the goods to the buyer.<\/span><\/span> <span class=\"jCAhz ChMk0b\"><span class=\"ryNqvb\">The online store transfers personal data to companies providing transport services in order to deliver the goods.<\/span><\/span><\/span><\/div>\n<div dir=\"ltr\">\n<p>Dispute resolution<\/p>\n<p>If the buyer has any complaints regarding the Online Store, they must be sent by e-mail to info@fysica.ee or by phone: +372 5610 3132<\/p>\n<p>If the buyer and the Online Store cannot resolve the dispute by agreement, the buyer may contact the Consumer Disputes Commission. The procedural terms and conditions can be viewed and an application submitted on the website of the Consumer Disputes Commission.<\/p>\n<p>The Consumer Disputes Commission is competent to resolve disputes arising from the contract concluded between the buyer and the Online Store. The review of the buyer&#8217;s complaint by the Commission is free of charge.<\/p>\n<p>The buyer may contact the European Union&#8217;s consumer dispute resolution platform.<\/p>\n<\/div>\n<div dir=\"ltr\"><\/div>\n<\/div>\n<\/div>\n<\/div>\n","protected":false},"excerpt":{"rendered":"<p>The owner of the online store https:\/\/fysica.ee (hereinafter referred to as the Online Store) is Fysica O\u00dc (registration code 16717941), [&hellip;]<\/p>\n","protected":false},"author":1,"featured_media":0,"parent":0,"menu_order":0,"comment_status":"closed","ping_status":"closed","template":"","meta":{"site-sidebar-layout":"default","site-content-layout":"","ast-site-content-layout":"default","site-content-style":"default","site-sidebar-style":"default","ast-global-header-display":"","ast-banner-title-visibility":"","ast-main-header-display":"","ast-hfb-above-header-display":"","ast-hfb-below-header-display":"","ast-hfb-mobile-header-display":"","site-post-title":"","ast-breadcrumbs-content":"","ast-featured-img":"","footer-sml-layout":"","theme-transparent-header-meta":"default","adv-header-id-meta":"","stick-header-meta":"","header-above-stick-meta":"","header-main-stick-meta":"","header-below-stick-meta":"","astra-migrate-meta-layouts":"default","ast-page-background-enabled":"default","ast-page-background-meta":{"desktop":{"background-color":"var(--ast-global-color-4)","background-image":"","background-repeat":"repeat","background-position":"center center","background-size":"auto","background-attachment":"scroll","background-type":"","background-media":"","overlay-type":"","overlay-color":"","overlay-opacity":"","overlay-gradient":""},"tablet":{"background-color":"","background-image":"","background-repeat":"repeat","background-position":"center center","background-size":"auto","background-attachment":"scroll","background-type":"","background-media":"","overlay-type":"","overlay-color":"","overlay-opacity":"","overlay-gradient":""},"mobile":{"background-color":"","background-image":"","background-repeat":"repeat","background-position":"center center","background-size":"auto","background-attachment":"scroll","background-type":"","background-media":"","overlay-type":"","overlay-color":"","overlay-opacity":"","overlay-gradient":""}},"ast-content-background-meta":{"desktop":{"background-color":"var(--ast-global-color-5)","background-image":"","background-repeat":"repeat","background-position":"center center","background-size":"auto","background-attachment":"scroll","background-type":"","background-media":"","overlay-type":"","overlay-color":"","overlay-opacity":"","overlay-gradient":""},"tablet":{"background-color":"var(--ast-global-color-5)","background-image":"","background-repeat":"repeat","background-position":"center center","background-size":"auto","background-attachment":"scroll","background-type":"","background-media":"","overlay-type":"","overlay-color":"","overlay-opacity":"","overlay-gradient":""},"mobile":{"background-color":"var(--ast-global-color-5)","background-image":"","background-repeat":"repeat","background-position":"center center","background-size":"auto","background-attachment":"scroll","background-type":"","background-media":"","overlay-type":"","overlay-color":"","overlay-opacity":"","overlay-gradient":""}},"footnotes":""},"class_list":["post-1280","page","type-page","status-publish","hentry"],"yoast_head":"<!-- This site is optimized with the Yoast SEO plugin v25.7 - https:\/\/yoast.com\/wordpress\/plugins\/seo\/ -->\n<title>Terms of sale and return - Fysica O\u00dc - kvaliteetsed k\u00e4sit\u00f6\u00f6r\u00f5ivad<\/title>\n<meta name=\"robots\" content=\"index, follow, max-snippet:-1, max-image-preview:large, max-video-preview:-1\" \/>\n<link rel=\"canonical\" href=\"https:\/\/www.fysica.ee\/en\/terms-of-sale-and-return\/\" \/>\n<meta property=\"og:locale\" content=\"en_US\" \/>\n<meta property=\"og:type\" content=\"article\" \/>\n<meta property=\"og:title\" content=\"Terms of sale and return - Fysica O\u00dc - kvaliteetsed k\u00e4sit\u00f6\u00f6r\u00f5ivad\" \/>\n<meta property=\"og:description\" content=\"The owner of the online store https:\/\/fysica.ee (hereinafter referred to as the Online Store) is Fysica O\u00dc (registration code 16717941), [&hellip;]\" \/>\n<meta property=\"og:url\" content=\"https:\/\/www.fysica.ee\/en\/terms-of-sale-and-return\/\" \/>\n<meta property=\"og:site_name\" content=\"Fysica O\u00dc - kvaliteetsed k\u00e4sit\u00f6\u00f6r\u00f5ivad\" \/>\n<meta name=\"twitter:card\" content=\"summary_large_image\" \/>\n<meta name=\"twitter:label1\" content=\"Est. reading time\" \/>\n\t<meta name=\"twitter:data1\" content=\"6 minutes\" \/>\n<script type=\"application\/ld+json\" class=\"yoast-schema-graph\">{\"@context\":\"https:\/\/schema.org\",\"@graph\":[{\"@type\":\"WebPage\",\"@id\":\"https:\/\/www.fysica.ee\/en\/terms-of-sale-and-return\/\",\"url\":\"https:\/\/www.fysica.ee\/en\/terms-of-sale-and-return\/\",\"name\":\"Terms of sale and return - Fysica O\u00dc - kvaliteetsed k\u00e4sit\u00f6\u00f6r\u00f5ivad\",\"isPartOf\":{\"@id\":\"https:\/\/fysica.ee\/#website\"},\"datePublished\":\"2024-12-12T13:02:25+00:00\",\"breadcrumb\":{\"@id\":\"https:\/\/www.fysica.ee\/en\/terms-of-sale-and-return\/#breadcrumb\"},\"inLanguage\":\"en-US\",\"potentialAction\":[{\"@type\":\"ReadAction\",\"target\":[\"https:\/\/www.fysica.ee\/en\/terms-of-sale-and-return\/\"]}]},{\"@type\":\"BreadcrumbList\",\"@id\":\"https:\/\/www.fysica.ee\/en\/terms-of-sale-and-return\/#breadcrumb\",\"itemListElement\":[{\"@type\":\"ListItem\",\"position\":1,\"name\":\"Home\",\"item\":\"https:\/\/fysica.ee\/en\/\"},{\"@type\":\"ListItem\",\"position\":2,\"name\":\"Terms of sale and return\"}]},{\"@type\":\"WebSite\",\"@id\":\"https:\/\/fysica.ee\/#website\",\"url\":\"https:\/\/fysica.ee\/\",\"name\":\"Fysica O\u00dc - kvaliteetsed k\u00e4sit\u00f6\u00f6r\u00f5ivad\",\"description\":\"Fysica O\u00dc - kvaliteetsed k\u00e4sit\u00f6\u00f6r\u00f5ivad\",\"publisher\":{\"@id\":\"https:\/\/fysica.ee\/#organization\"},\"potentialAction\":[{\"@type\":\"SearchAction\",\"target\":{\"@type\":\"EntryPoint\",\"urlTemplate\":\"https:\/\/fysica.ee\/?s={search_term_string}\"},\"query-input\":{\"@type\":\"PropertyValueSpecification\",\"valueRequired\":true,\"valueName\":\"search_term_string\"}}],\"inLanguage\":\"en-US\"},{\"@type\":\"Organization\",\"@id\":\"https:\/\/fysica.ee\/#organization\",\"name\":\"Fysica O\u00dc\",\"url\":\"https:\/\/fysica.ee\/\",\"logo\":{\"@type\":\"ImageObject\",\"inLanguage\":\"en-US\",\"@id\":\"https:\/\/fysica.ee\/#\/schema\/logo\/image\/\",\"url\":\"https:\/\/www.fysica.ee\/wp-content\/uploads\/2024\/11\/Fysica-logo.png\",\"contentUrl\":\"https:\/\/www.fysica.ee\/wp-content\/uploads\/2024\/11\/Fysica-logo.png\",\"width\":390,\"height\":300,\"caption\":\"Fysica O\u00dc\"},\"image\":{\"@id\":\"https:\/\/fysica.ee\/#\/schema\/logo\/image\/\"}}]}<\/script>\n<!-- \/ Yoast SEO plugin. -->","yoast_head_json":{"title":"Terms of sale and return - Fysica O\u00dc - kvaliteetsed k\u00e4sit\u00f6\u00f6r\u00f5ivad","robots":{"index":"index","follow":"follow","max-snippet":"max-snippet:-1","max-image-preview":"max-image-preview:large","max-video-preview":"max-video-preview:-1"},"canonical":"https:\/\/www.fysica.ee\/en\/terms-of-sale-and-return\/","og_locale":"en_US","og_type":"article","og_title":"Terms of sale and return - Fysica O\u00dc - kvaliteetsed k\u00e4sit\u00f6\u00f6r\u00f5ivad","og_description":"The owner of the online store https:\/\/fysica.ee (hereinafter referred to as the Online Store) is Fysica O\u00dc (registration code 16717941), [&hellip;]","og_url":"https:\/\/www.fysica.ee\/en\/terms-of-sale-and-return\/","og_site_name":"Fysica O\u00dc - kvaliteetsed k\u00e4sit\u00f6\u00f6r\u00f5ivad","twitter_card":"summary_large_image","twitter_misc":{"Est. reading time":"6 minutes"},"schema":{"@context":"https:\/\/schema.org","@graph":[{"@type":"WebPage","@id":"https:\/\/www.fysica.ee\/en\/terms-of-sale-and-return\/","url":"https:\/\/www.fysica.ee\/en\/terms-of-sale-and-return\/","name":"Terms of sale and return - Fysica O\u00dc - kvaliteetsed k\u00e4sit\u00f6\u00f6r\u00f5ivad","isPartOf":{"@id":"https:\/\/fysica.ee\/#website"},"datePublished":"2024-12-12T13:02:25+00:00","breadcrumb":{"@id":"https:\/\/www.fysica.ee\/en\/terms-of-sale-and-return\/#breadcrumb"},"inLanguage":"en-US","potentialAction":[{"@type":"ReadAction","target":["https:\/\/www.fysica.ee\/en\/terms-of-sale-and-return\/"]}]},{"@type":"BreadcrumbList","@id":"https:\/\/www.fysica.ee\/en\/terms-of-sale-and-return\/#breadcrumb","itemListElement":[{"@type":"ListItem","position":1,"name":"Home","item":"https:\/\/fysica.ee\/en\/"},{"@type":"ListItem","position":2,"name":"Terms of sale and return"}]},{"@type":"WebSite","@id":"https:\/\/fysica.ee\/#website","url":"https:\/\/fysica.ee\/","name":"Fysica O\u00dc - kvaliteetsed k\u00e4sit\u00f6\u00f6r\u00f5ivad","description":"Fysica O\u00dc - kvaliteetsed k\u00e4sit\u00f6\u00f6r\u00f5ivad","publisher":{"@id":"https:\/\/fysica.ee\/#organization"},"potentialAction":[{"@type":"SearchAction","target":{"@type":"EntryPoint","urlTemplate":"https:\/\/fysica.ee\/?s={search_term_string}"},"query-input":{"@type":"PropertyValueSpecification","valueRequired":true,"valueName":"search_term_string"}}],"inLanguage":"en-US"},{"@type":"Organization","@id":"https:\/\/fysica.ee\/#organization","name":"Fysica O\u00dc","url":"https:\/\/fysica.ee\/","logo":{"@type":"ImageObject","inLanguage":"en-US","@id":"https:\/\/fysica.ee\/#\/schema\/logo\/image\/","url":"https:\/\/www.fysica.ee\/wp-content\/uploads\/2024\/11\/Fysica-logo.png","contentUrl":"https:\/\/www.fysica.ee\/wp-content\/uploads\/2024\/11\/Fysica-logo.png","width":390,"height":300,"caption":"Fysica O\u00dc"},"image":{"@id":"https:\/\/fysica.ee\/#\/schema\/logo\/image\/"}}]}},"_links":{"self":[{"href":"https:\/\/www.fysica.ee\/en\/wp-json\/wp\/v2\/pages\/1280","targetHints":{"allow":["GET"]}}],"collection":[{"href":"https:\/\/www.fysica.ee\/en\/wp-json\/wp\/v2\/pages"}],"about":[{"href":"https:\/\/www.fysica.ee\/en\/wp-json\/wp\/v2\/types\/page"}],"author":[{"embeddable":true,"href":"https:\/\/www.fysica.ee\/en\/wp-json\/wp\/v2\/users\/1"}],"replies":[{"embeddable":true,"href":"https:\/\/www.fysica.ee\/en\/wp-json\/wp\/v2\/comments?post=1280"}],"version-history":[{"count":0,"href":"https:\/\/www.fysica.ee\/en\/wp-json\/wp\/v2\/pages\/1280\/revisions"}],"wp:attachment":[{"href":"https:\/\/www.fysica.ee\/en\/wp-json\/wp\/v2\/media?parent=1280"}],"curies":[{"name":"wp","href":"https:\/\/api.w.org\/{rel}","templated":true}]}}