{"id":2274,"date":"2025-08-05T09:59:36","date_gmt":"2025-08-05T09:59:36","guid":{"rendered":"https:\/\/fysica.ee\/toode\/halskette-fuer-damen-01914\/"},"modified":"2025-08-05T09:59:36","modified_gmt":"2025-08-05T09:59:36","slug":"halskette-fuer-damen-01914","status":"publish","type":"product","link":"https:\/\/www.fysica.ee\/de\/produkt\/halskette-fuer-damen-01914\/","title":{"rendered":"Halskette f\u00fcr Damen &#8211; 01914"},"content":{"rendered":"<p>Rosenquarz geh\u00f6rt zur Familie der Quarze und ist eine Variet\u00e4t des Bergkristalls. Dank seines einzigartigen Kristallgitters ist Quarz das wirksamste heilende, energiesteigernde und vermittelnde Mineral der Welt. Rosenquarz besteht aus Siliziumdioxid. Seine rosa Farbe erh\u00e4lt er durch Mangan und Dumortierit. Transparentes Hellrosa oder leuchtendes Rosa.<\/p>\n<p>Rosenquarz galt im Laufe der Geschichte als Symbol der Liebenden und als Talisman f\u00fcr Verheiratete.<\/p>\n","protected":false},"excerpt":{"rendered":"<p>Rosenquarz geh\u00f6rt zur Familie der Quarze und ist eine Variet\u00e4t des Bergkristalls. Dank seines einzigartigen Kristallgitters ist Quarz das wirksamste [&hellip;]<\/p>\n","protected":false},"featured_media":1596,"template":"","meta":{"site-sidebar-layout":"default","site-content-layout":"","ast-site-content-layout":"default","site-content-style":"default","site-sidebar-style":"default","ast-global-header-display":"","ast-banner-title-visibility":"","ast-main-header-display":"","ast-hfb-above-header-display":"","ast-hfb-below-header-display":"","ast-hfb-mobile-header-display":"","site-post-title":"","ast-breadcrumbs-content":"","ast-featured-img":"","footer-sml-layout":"","theme-transparent-header-meta":"default","adv-header-id-meta":"","stick-header-meta":"","header-above-stick-meta":"","header-main-stick-meta":"","header-below-stick-meta":"","astra-migrate-meta-layouts":"default","ast-page-background-enabled":"default","ast-page-background-meta":{"desktop":{"background-color":"var(--ast-global-color-4)","background-image":"","background-repeat":"repeat","background-position":"center center","background-size":"auto","background-attachment":"scroll","background-type":"","background-media":"","overlay-type":"","overlay-color":"","overlay-opacity":"","overlay-gradient":""},"tablet":{"background-color":"","background-image":"","background-repeat":"repeat","background-position":"center center","background-size":"auto","background-attachment":"scroll","background-type":"","background-media":"","overlay-type":"","overlay-color":"","overlay-opacity":"","overlay-gradient":""},"mobile":{"background-color":"","background-image":"","background-repeat":"repeat","background-position":"center center","background-size":"auto","background-attachment":"scroll","background-type":"","background-media":"","overlay-type":"","overlay-color":"","overlay-opacity":"","overlay-gradient":""}},"ast-content-background-meta":{"desktop":{"background-color":"var(--ast-global-color-5)","background-image":"","background-repeat":"repeat","background-position":"center center","background-size":"auto","background-attachment":"scroll","background-type":"","background-media":"","overlay-type":"","overlay-color":"","overlay-opacity":"","overlay-gradient":""},"tablet":{"background-color":"var(--ast-global-color-5)","background-image":"","background-repeat":"repeat","background-position":"center center","background-size":"auto","background-attachment":"scroll","background-type":"","background-media":"","overlay-type":"","overlay-color":"","overlay-opacity":"","overlay-gradient":""},"mobile":{"background-color":"var(--ast-global-color-5)","background-image":"","background-repeat":"repeat","background-position":"center center","background-size":"auto","background-attachment":"scroll","background-type":"","background-media":"","overlay-type":"","overlay-color":"","overlay-opacity":"","overlay-gradient":""}}},"product_brand":[],"product_cat":[142,80],"product_tag":[],"class_list":{"0":"post-2274","1":"product","2":"type-product","3":"status-publish","4":"has-post-thumbnail","6":"product_cat-halskette-damen","7":"product_cat-frauen","8":"desktop-align-left","9":"tablet-align-left","10":"mobile-align-left","12":"first","13":"instock","14":"shipping-taxable","15":"purchasable","16":"product-type-simple"},"yoast_head":"<!-- This site is optimized with the Yoast SEO plugin v25.7 - https:\/\/yoast.com\/wordpress\/plugins\/seo\/ -->\n<title>Halskette f\u00fcr Damen - 01914 - Fysica O\u00dc - kvaliteetsed k\u00e4sit\u00f6\u00f6r\u00f5ivad<\/title>\n<meta name=\"robots\" content=\"index, follow, max-snippet:-1, max-image-preview:large, max-video-preview:-1\" \/>\n<link rel=\"canonical\" href=\"https:\/\/www.fysica.ee\/de\/produkt\/halskette-fuer-damen-01914\/\" \/>\n<meta property=\"og:locale\" content=\"de_DE\" \/>\n<meta property=\"og:type\" content=\"article\" \/>\n<meta property=\"og:title\" content=\"Halskette f\u00fcr Damen - 01914 - Fysica O\u00dc - kvaliteetsed k\u00e4sit\u00f6\u00f6r\u00f5ivad\" \/>\n<meta property=\"og:description\" content=\"Rosenquarz geh\u00f6rt zur Familie der Quarze und ist eine Variet\u00e4t des Bergkristalls. Dank seines einzigartigen Kristallgitters ist Quarz das wirksamste [&hellip;]\" \/>\n<meta property=\"og:url\" content=\"https:\/\/www.fysica.ee\/de\/produkt\/halskette-fuer-damen-01914\/\" \/>\n<meta property=\"og:site_name\" content=\"Fysica O\u00dc - kvaliteetsed k\u00e4sit\u00f6\u00f6r\u00f5ivad\" \/>\n<meta property=\"og:image\" content=\"https:\/\/www.fysica.ee\/wp-content\/uploads\/2025\/08\/1000001914.jpg\" \/>\n\t<meta property=\"og:image:width\" content=\"1536\" \/>\n\t<meta property=\"og:image:height\" content=\"2048\" \/>\n\t<meta property=\"og:image:type\" content=\"image\/jpeg\" \/>\n<meta name=\"twitter:card\" content=\"summary_large_image\" \/>\n<script type=\"application\/ld+json\" class=\"yoast-schema-graph\">{\"@context\":\"https:\/\/schema.org\",\"@graph\":[{\"@type\":\"WebPage\",\"@id\":\"https:\/\/www.fysica.ee\/de\/produkt\/halskette-fuer-damen-01914\/\",\"url\":\"https:\/\/www.fysica.ee\/de\/produkt\/halskette-fuer-damen-01914\/\",\"name\":\"Halskette f\u00fcr Damen - 01914 - Fysica O\u00dc - kvaliteetsed k\u00e4sit\u00f6\u00f6r\u00f5ivad\",\"isPartOf\":{\"@id\":\"https:\/\/fysica.ee\/#website\"},\"primaryImageOfPage\":{\"@id\":\"https:\/\/www.fysica.ee\/de\/produkt\/halskette-fuer-damen-01914\/#primaryimage\"},\"image\":{\"@id\":\"https:\/\/www.fysica.ee\/de\/produkt\/halskette-fuer-damen-01914\/#primaryimage\"},\"thumbnailUrl\":\"https:\/\/www.fysica.ee\/wp-content\/uploads\/2025\/08\/1000001914.jpg\",\"datePublished\":\"2025-08-05T09:59:36+00:00\",\"breadcrumb\":{\"@id\":\"https:\/\/www.fysica.ee\/de\/produkt\/halskette-fuer-damen-01914\/#breadcrumb\"},\"inLanguage\":\"de\",\"potentialAction\":[{\"@type\":\"ReadAction\",\"target\":[\"https:\/\/www.fysica.ee\/de\/produkt\/halskette-fuer-damen-01914\/\"]}]},{\"@type\":\"ImageObject\",\"inLanguage\":\"de\",\"@id\":\"https:\/\/www.fysica.ee\/de\/produkt\/halskette-fuer-damen-01914\/#primaryimage\",\"url\":\"https:\/\/www.fysica.ee\/wp-content\/uploads\/2025\/08\/1000001914.jpg\",\"contentUrl\":\"https:\/\/www.fysica.ee\/wp-content\/uploads\/2025\/08\/1000001914.jpg\",\"width\":1536,\"height\":2048},{\"@type\":\"BreadcrumbList\",\"@id\":\"https:\/\/www.fysica.ee\/de\/produkt\/halskette-fuer-damen-01914\/#breadcrumb\",\"itemListElement\":[{\"@type\":\"ListItem\",\"position\":1,\"name\":\"Home\",\"item\":\"https:\/\/fysica.ee\/de\/\"},{\"@type\":\"ListItem\",\"position\":2,\"name\":\"Shop\",\"item\":\"https:\/\/fysica.ee\/de\/shop\/\"},{\"@type\":\"ListItem\",\"position\":3,\"name\":\"Halskette f\u00fcr Damen &#8211; 01914\"}]},{\"@type\":\"WebSite\",\"@id\":\"https:\/\/fysica.ee\/#website\",\"url\":\"https:\/\/fysica.ee\/\",\"name\":\"Fysica O\u00dc - kvaliteetsed k\u00e4sit\u00f6\u00f6r\u00f5ivad\",\"description\":\"Fysica O\u00dc - kvaliteetsed k\u00e4sit\u00f6\u00f6r\u00f5ivad\",\"publisher\":{\"@id\":\"https:\/\/fysica.ee\/#organization\"},\"potentialAction\":[{\"@type\":\"SearchAction\",\"target\":{\"@type\":\"EntryPoint\",\"urlTemplate\":\"https:\/\/fysica.ee\/?s={search_term_string}\"},\"query-input\":{\"@type\":\"PropertyValueSpecification\",\"valueRequired\":true,\"valueName\":\"search_term_string\"}}],\"inLanguage\":\"de\"},{\"@type\":\"Organization\",\"@id\":\"https:\/\/fysica.ee\/#organization\",\"name\":\"Fysica O\u00dc\",\"url\":\"https:\/\/fysica.ee\/\",\"logo\":{\"@type\":\"ImageObject\",\"inLanguage\":\"de\",\"@id\":\"https:\/\/fysica.ee\/#\/schema\/logo\/image\/\",\"url\":\"https:\/\/www.fysica.ee\/wp-content\/uploads\/2024\/11\/Fysica-logo.png\",\"contentUrl\":\"https:\/\/www.fysica.ee\/wp-content\/uploads\/2024\/11\/Fysica-logo.png\",\"width\":390,\"height\":300,\"caption\":\"Fysica O\u00dc\"},\"image\":{\"@id\":\"https:\/\/fysica.ee\/#\/schema\/logo\/image\/\"}}]}<\/script>\n<!-- \/ Yoast SEO plugin. -->","yoast_head_json":{"title":"Halskette f\u00fcr Damen - 01914 - Fysica O\u00dc - kvaliteetsed k\u00e4sit\u00f6\u00f6r\u00f5ivad","robots":{"index":"index","follow":"follow","max-snippet":"max-snippet:-1","max-image-preview":"max-image-preview:large","max-video-preview":"max-video-preview:-1"},"canonical":"https:\/\/www.fysica.ee\/de\/produkt\/halskette-fuer-damen-01914\/","og_locale":"de_DE","og_type":"article","og_title":"Halskette f\u00fcr Damen - 01914 - Fysica O\u00dc - kvaliteetsed k\u00e4sit\u00f6\u00f6r\u00f5ivad","og_description":"Rosenquarz geh\u00f6rt zur Familie der Quarze und ist eine Variet\u00e4t des Bergkristalls. Dank seines einzigartigen Kristallgitters ist Quarz das wirksamste [&hellip;]","og_url":"https:\/\/www.fysica.ee\/de\/produkt\/halskette-fuer-damen-01914\/","og_site_name":"Fysica O\u00dc - kvaliteetsed k\u00e4sit\u00f6\u00f6r\u00f5ivad","og_image":[{"width":1536,"height":2048,"url":"https:\/\/www.fysica.ee\/wp-content\/uploads\/2025\/08\/1000001914.jpg","type":"image\/jpeg"}],"twitter_card":"summary_large_image","schema":{"@context":"https:\/\/schema.org","@graph":[{"@type":"WebPage","@id":"https:\/\/www.fysica.ee\/de\/produkt\/halskette-fuer-damen-01914\/","url":"https:\/\/www.fysica.ee\/de\/produkt\/halskette-fuer-damen-01914\/","name":"Halskette f\u00fcr Damen - 01914 - Fysica O\u00dc - kvaliteetsed k\u00e4sit\u00f6\u00f6r\u00f5ivad","isPartOf":{"@id":"https:\/\/fysica.ee\/#website"},"primaryImageOfPage":{"@id":"https:\/\/www.fysica.ee\/de\/produkt\/halskette-fuer-damen-01914\/#primaryimage"},"image":{"@id":"https:\/\/www.fysica.ee\/de\/produkt\/halskette-fuer-damen-01914\/#primaryimage"},"thumbnailUrl":"https:\/\/www.fysica.ee\/wp-content\/uploads\/2025\/08\/1000001914.jpg","datePublished":"2025-08-05T09:59:36+00:00","breadcrumb":{"@id":"https:\/\/www.fysica.ee\/de\/produkt\/halskette-fuer-damen-01914\/#breadcrumb"},"inLanguage":"de","potentialAction":[{"@type":"ReadAction","target":["https:\/\/www.fysica.ee\/de\/produkt\/halskette-fuer-damen-01914\/"]}]},{"@type":"ImageObject","inLanguage":"de","@id":"https:\/\/www.fysica.ee\/de\/produkt\/halskette-fuer-damen-01914\/#primaryimage","url":"https:\/\/www.fysica.ee\/wp-content\/uploads\/2025\/08\/1000001914.jpg","contentUrl":"https:\/\/www.fysica.ee\/wp-content\/uploads\/2025\/08\/1000001914.jpg","width":1536,"height":2048},{"@type":"BreadcrumbList","@id":"https:\/\/www.fysica.ee\/de\/produkt\/halskette-fuer-damen-01914\/#breadcrumb","itemListElement":[{"@type":"ListItem","position":1,"name":"Home","item":"https:\/\/fysica.ee\/de\/"},{"@type":"ListItem","position":2,"name":"Shop","item":"https:\/\/fysica.ee\/de\/shop\/"},{"@type":"ListItem","position":3,"name":"Halskette f\u00fcr Damen &#8211; 01914"}]},{"@type":"WebSite","@id":"https:\/\/fysica.ee\/#website","url":"https:\/\/fysica.ee\/","name":"Fysica O\u00dc - kvaliteetsed k\u00e4sit\u00f6\u00f6r\u00f5ivad","description":"Fysica O\u00dc - kvaliteetsed k\u00e4sit\u00f6\u00f6r\u00f5ivad","publisher":{"@id":"https:\/\/fysica.ee\/#organization"},"potentialAction":[{"@type":"SearchAction","target":{"@type":"EntryPoint","urlTemplate":"https:\/\/fysica.ee\/?s={search_term_string}"},"query-input":{"@type":"PropertyValueSpecification","valueRequired":true,"valueName":"search_term_string"}}],"inLanguage":"de"},{"@type":"Organization","@id":"https:\/\/fysica.ee\/#organization","name":"Fysica O\u00dc","url":"https:\/\/fysica.ee\/","logo":{"@type":"ImageObject","inLanguage":"de","@id":"https:\/\/fysica.ee\/#\/schema\/logo\/image\/","url":"https:\/\/www.fysica.ee\/wp-content\/uploads\/2024\/11\/Fysica-logo.png","contentUrl":"https:\/\/www.fysica.ee\/wp-content\/uploads\/2024\/11\/Fysica-logo.png","width":390,"height":300,"caption":"Fysica O\u00dc"},"image":{"@id":"https:\/\/fysica.ee\/#\/schema\/logo\/image\/"}}]}},"_links":{"self":[{"href":"https:\/\/www.fysica.ee\/de\/wp-json\/wp\/v2\/product\/2274","targetHints":{"allow":["GET"]}}],"collection":[{"href":"https:\/\/www.fysica.ee\/de\/wp-json\/wp\/v2\/product"}],"about":[{"href":"https:\/\/www.fysica.ee\/de\/wp-json\/wp\/v2\/types\/product"}],"wp:featuredmedia":[{"embeddable":true,"href":"https:\/\/www.fysica.ee\/de\/wp-json\/wp\/v2\/media\/1596"}],"wp:attachment":[{"href":"https:\/\/www.fysica.ee\/de\/wp-json\/wp\/v2\/media?parent=2274"}],"wp:term":[{"taxonomy":"product_brand","embeddable":true,"href":"https:\/\/www.fysica.ee\/de\/wp-json\/wp\/v2\/product_brand?post=2274"},{"taxonomy":"product_cat","embeddable":true,"href":"https:\/\/www.fysica.ee\/de\/wp-json\/wp\/v2\/product_cat?post=2274"},{"taxonomy":"product_tag","embeddable":true,"href":"https:\/\/www.fysica.ee\/de\/wp-json\/wp\/v2\/product_tag?post=2274"}],"curies":[{"name":"wp","href":"https:\/\/api.w.org\/{rel}","templated":true}]}}