{"id":1295,"date":"2024-11-19T15:17:37","date_gmt":"2024-11-19T15:17:37","guid":{"rendered":"https:\/\/fysica.ee\/datenschutzrichtlinie\/"},"modified":"2024-12-12T13:33:42","modified_gmt":"2024-12-12T13:33:42","slug":"datenschutzrichtlinie","status":"publish","type":"page","link":"https:\/\/www.fysica.ee\/de\/datenschutzrichtlinie\/","title":{"rendered":"Datenschutzrichtlinie"},"content":{"rendered":"<p>Benachrichtigung \u00fcber Cookie-Nutzung und Datenschutzrichtlinien<\/p>\n<p>Diese Mitteilung \u00fcber die Verwendung von Cookies und die Datenschutzrichtlinie (im Folgenden die Mitteilung) enth\u00e4lt n\u00fctzliche Informationen dar\u00fcber, wie und warum Fysica O\u00dc personenbezogene Daten (Daten) erhebt, verarbeitet und weitergibt. Die Datenschutzerkl\u00e4rung richtet sich nach der Datenschutz-Grundverordnung (DSGVO).<\/p>\n<p>Der Zweck der Datenschutzrichtlinie besteht darin, die Privatsph\u00e4re der Kunden gem\u00e4\u00df den Gesetzen der Republik Estland und den Gesetzen der Europ\u00e4ischen Union zu sch\u00fctzen.<\/p>\n<p>\u201ePersonenbezogene Daten\u201c sind alle Informationen \u00fcber eine identifizierte oder identifizierbare nat\u00fcrliche Person, wie zum Beispiel Name, Adresse, E-Mail-Adresse sowie Informationen \u00fcber Besuche auf unserer Website, Social-Media-Kan\u00e4len und Nutzung unserer Dienste.<\/p>\n<p>Durch die Nutzung unserer Website stimmen Sie der Verwendung von Cookies und den Bedingungen f\u00fcr die Verarbeitung personenbezogener Daten zu, wie in unserer Cookie-Nutzungs- und Datenschutzrichtlinie beschrieben.<\/p>\n<p>G\u00fcltig ab 01.06.2018<\/p>\n<p>Wessen Daten verarbeitet Fysica O\u00dc?<\/p>\n<p>Fysica O\u00dc ist der verantwortliche Verarbeiter personenbezogener Daten. Wenn Sie Fragen haben, schreiben Sie an info@fysica.ee<\/p>\n<p>Fysica O\u00dc verarbeitet die Daten seiner Kunden und Kontaktpersonen, die den Wunsch ge\u00e4u\u00dfert haben, unsere Dienste in Anspruch zu nehmen oder unsere Dienste bereits in Anspruch genommen haben.<\/p>\n<p>In bestimmten F\u00e4llen verarbeiten wir personenbezogene Daten, die aus \u00f6ffentlichen Quellen verf\u00fcgbar sind.<\/p>\n<p>Zwecke und Rechtsgrundlagen der Verarbeitung der personenbezogenen Daten (Daten) des Kunden.<\/p>\n<p>Wir verarbeiten die personenbezogenen Daten von freiwilligen Nutzern und Servicenutzern unserer Marketingkan\u00e4le und Kunden (einschlie\u00dflich Kundenvertretern), um unsere vertraglichen Verpflichtungen zu erf\u00fcllen sowie potenziellen Kunden qualitativ hochwertigere Dienstleistungen und Informationen bereitzustellen.<\/p>\n<p>Wenn Fysica O\u00dc personenbezogene Daten f\u00fcr diese Zwecke verarbeitet, ist die Rechtsgrundlage f\u00fcr die Verarbeitung unser berechtigtes Interesse an der Gew\u00e4hrleistung einer korrekten und qualitativ hochwertigeren Bereitstellung unserer Dienstleistungen.<\/p>\n<p>\u00dcber die Marketingkan\u00e4le von Fysica O\u00dc (einschlie\u00dflich der Website) sammeln wir Daten \u00fcber deren Nutzung und die Interessen potenzieller Kunden, um die tats\u00e4chlichen Interessen unserer Kunden besser zu verstehen, qualitativ hochwertigere Informationen anzubieten und die Funktionalit\u00e4t und Benutzerfreundlichkeit zu verbessern die Website.<\/p>\n<p>In diesem Fall ist die Rechtsgrundlage f\u00fcr die Verarbeitung unser berechtigtes Interesse, die Bed\u00fcrfnisse unserer Kunden besser zu verstehen und einen besseren Service zu bieten.<\/p>\n<p>Beispielsweise verarbeitet Fysica O\u00dc Daten zum Kaufverhalten des Kunden, Daten zum Lesen und \u00d6ffnen von Newslettern sowie Daten zum \u00d6ffnen von Werbeanzeigen mit dem Ziel, dem Kunden die von ihm bevorzugten Angebote und Inhalte bereitzustellen.<\/p>\n<p>Fysica O\u00dc verarbeitet personenbezogene Daten f\u00fcr folgende Zwecke:<\/p>\n<p>Aufbau und Verwaltung des Kundenstamms von Fysica O\u00dc;<br \/>\ndem Kunden neue Dienstleistungen anbieten;<br \/>\nAnalyse und Verbesserung der Dienstleistungen von Fysica O\u00dc;<br \/>\nWebsite-Management;<br \/>\nErf\u00fcllung von Anforderungen aus der Gesetzgebung;<br \/>\nBeantwortung von Kundenanfragen;<br \/>\nAusstellung von Zertifikaten und Zertifikaten.<\/p>\n<ol start=\"3\">\n<li>Wie Daten erfasst werden\n<p>Im Allgemeinen erheben wir personenbezogene Daten direkt von den betroffenen Personen und mit deren Einwilligung.Dar\u00fcber hinaus verwenden wir automatische Datenerfassungstools, einschlie\u00dflich Cookies und andere Tracking-Tools, um das Benutzererlebnis unserer Website zu optimieren und unseren Kunden bessere Services zu bieten.<\/p>\n<p>Cookies und Pixel-Tags und wie man sie entfernt<\/p>\n<p>Ein Cookie ist eine kleine Textdatei, die der Webserver an den Webbrowser des Benutzers sendet und die auf der Festplatte des Computers des Benutzers gespeichert wird und die die Einstellungen des Benutzers wie Schriftgr\u00f6\u00dfe, Kommunikationssprache, Ger\u00e4teinformationen, Besuchsstatistiken usw. erm\u00f6glicht . in Erinnerung bleiben.<\/p>\n<p>Alle Webbrowser sind standardm\u00e4\u00dfig so eingestellt, dass sie Cookies zulassen. Die Einstellungen des Webbrowsers k\u00f6nnen jedoch im Allgemeinen so ge\u00e4ndert werden, dass der Webbrowser Cookies vollst\u00e4ndig ablehnt, Cookies von Drittanbietern blockiert oder den Benutzer \u00fcber jedes gesendete Cookie benachrichtigt.<\/p>\n<p>Pixel-Tags sind kleine Teile des Website-Codes, die das Lesen und Installieren von Cookies auf Webseiten erm\u00f6glichen. Sie werden ausgel\u00f6st, wenn ein Benutzer eine E-Mail \u00f6ffnet oder auf eine Website gelangt, die dann Cookies von Drittanbietern herunterl\u00e4dt oder registriert, dass der Benutzer eine E-Mail ge\u00f6ffnet hat.<\/p>\n<p>Fysica O\u00dc verwendet die folgenden Cookies:<\/p>\n<p>Session-Cookies (tempor\u00e4re Cookies), deren Zweck darin besteht, die Nutzung des Dienstes zu erm\u00f6glichen.<br \/>\nPermanente Cookies (die nach dem Schlie\u00dfen des Webbrowsers auf dem Computer des Benutzers gespeichert werden) dienen dazu, die Entscheidungen des Kunden auf den Webseiten von Fysica O\u00dc zu speichern.<\/p>\n<p>Genauer gesagt verwendet Fysica O\u00dc:<\/p>\n<p>Analytische Cookies, die Informationen dar\u00fcber sammeln, wie die Website genutzt wird. Zum Beispiel, welche Inhaltsseiten am h\u00e4ufigsten besucht werden oder wonach Besucher auf der Website suchen usw. Diese Cookies sammeln keine Informationen, die eine direkte Identifizierung des Website-Benutzers erm\u00f6glichen w\u00fcrden. Dazu geh\u00f6ren beispielsweise Google Analytics- und Hotjar-Cookies.<br \/>\nWerbe-Cookies, die dabei helfen, auf die Interessen des Nutzers zugeschnittene Werbung bereitzustellen. Beispielsweise wurde der Facebook-Pixel-Code zur Seite Fysica.ee hinzugef\u00fcgt. Wenn Sie die Werbung f\u00fcr die Website von Fysica O\u00dc nicht mehr auf Facebook sehen m\u00f6chten, k\u00f6nnen Sie ihn deaktivieren. Gehen Sie zu https:\/\/www.facebook.com\/ads\/preferences und l\u00f6schen Sie Fysica unter \u201eWerbetreibende, mit denen Sie interagiert haben\u201c.<br \/>\nCookies von Drittanbietern, z. B. Youtube und Google Maps. Die Standortkarte und die Videos werden nur angezeigt, wenn Sie den Datenschutzbestimmungen zugestimmt haben. Um dies technisch zu erm\u00f6glichen, verwenden wir das vom Avada-Design erstellte Cookie \u201eprivacy_embeds\u201c.<\/p>\n<p>Der Benutzer hat das Recht, die Speicherung von Cookies auf dem Computer abzulehnen. Auf Wunsch muss der Nutzer die Einstellungen seines Webbrowsers \u00e4ndern.<\/p>\n<p>Anleitung zum Einrichten der am h\u00e4ufigsten verwendeten Webbrowser:<\/p>\n<p>Internet Explorer: http:\/\/support.microsoft.com\/kb\/278835<\/p>\n<p>Chrome: https:\/\/support.google.com\/chrome\/answer\/95647?hl=en<\/p>\n<p>Firefox: http:\/\/support.mozilla.org\/en-US\/kb\/Clear%20Recent%20History<\/p>\n<p>Opera: http:\/\/www.opera.com\/browser\/tutorials\/security\/privacy<\/p>\n<p>Safari: https:\/\/support.apple.com\/guide\/safari\/manage-cookies-and-website-data-sfri11471\/mac<\/p>\n<p>Beim Blockieren von Cookies muss der Nutzer ber\u00fccksichtigen, dass ihm m\u00f6glicherweise nicht mehr alle Funktionen der Website zur Verf\u00fcgung stehen.<\/p>\n<p>Von Fysica O\u00dc verarbeitete personenbezogene Daten (einschlie\u00dflich Daten)<\/p>\n<p>Fysica O\u00dc kann die folgenden personenbezogenen Daten (einschlie\u00dflich Daten) verarbeiten:<\/p>\n<p>Kontaktdaten \u2013 Name, E-Mail-Adresse und Telefonnummer<\/p>\n<p>Daten, die w\u00e4hrend der Vertragserf\u00fcllung erfasst und generiert werden \u2013 pers\u00f6nliche Identifikationsnummer, Kundenpr\u00e4ferenzen bez\u00fcglich der Dienstleistungen und Produkte von Fysica O\u00dc, Feedback zu unseren Dienstleistungen, Informationen \u00fcber die Arbeit des Kunden, Gesch\u00e4ftsprozesse oder Lerngewohnheiten und -pr\u00e4ferenzen.<\/p>\n<p>Automatisch erfasste Daten \u2013 vom Webbrowser des Benutzers erhaltene Daten, einschlie\u00dflich Browsertyp, Ger\u00e4tetyp, Kommunikationssprache, Website-Adresse, von der der Benutzer kam, welche Inhaltsseiten angesehen wurden, sowie die IP-Adresse des Benutzers und andere Verkehrsdaten.<\/p>\n<p>die Aktionen des Benutzers in Bezug auf die E-Mails von Fysica O\u00dc \u2013 einschlie\u00dflich Daten dar\u00fcber, welche E-Mails wann und wie der Benutzer sie ge\u00f6ffnet hat.<\/p>\n<p>sonstige personenbezogene Daten \u2013 die Sie \u00f6ffentlich zug\u00e4nglich gemacht haben oder uns in sozialen Netzwerken Dritter wie LinkedIn, Facebook, Google Plus, Instagram etc. zur Verf\u00fcgung stehen.<\/p>\n<p>Fysica O\u00dc verarbeitet als Verantwortlicher keine besonderen Arten personenbezogener Daten.<\/li>\n<\/ol>\n<ol start=\"5\">\n<li>Weitergabe personenbezogener Daten\n<p>Fysica O\u00dc \u00fcbermittelt keine Kundendaten au\u00dferhalb des Europ\u00e4ischen Wirtschaftsraums (EU).<\/p>\n<p>Fysica O\u00dc gibt die personenbezogenen Daten des Kunden nicht an Dritte weiter, au\u00dfer unter den unten aufgef\u00fchrten Bedingungen. Alle Daten werden nur zur Kommunikation und zum Zweck der Bereitstellung eines besseren Produkts oder einer besseren Dienstleistung verwendet.<\/p>\n<p>Wir k\u00f6nnen Ihre personenbezogenen Daten in den folgenden F\u00e4llen weitergeben:<\/p>\n<p>Versenden von Lernmaterialien per Post \u2013 Personen, Institutionen und Organisationen, die Postdienstleistungen vermitteln oder erbringen.<br \/>\nInkasso &#8211; Inkassodienstleister, Mahnregister.<br \/>\nLandesaufsichtsbeh\u00f6rden und Polizei.<br \/>\nDaten von Kunden des estnischen Arbeitslosenfonds f\u00fcr Schulungsberater des Arbeitslosenfonds.<br \/>\n\u00d6ffentliches Feedback mit Zustimmung des Kunden.<br \/>\nSicherheit, Nutzung und Aufbewahrung personenbezogener Informationen (Daten).<\/p>\n<p>Fysica O\u00dc kann Kunden Informationen \u00fcber ihre Dienstleistungen, Produkte, Newsletter und Angebote zusenden, wenn der Kunde uns seine Kontaktdaten mitgeteilt hat, jedoch solange der Kunde nicht die Beendigung der letzten Aktivit\u00e4ten beantragt hat oder den Kreis der Newsletter-Empf\u00e4nger verlassen hat.<\/p>\n<p>6.1. Sicherheit personenbezogener Daten<\/p>\n<p>Die sichere Speicherung personenbezogener Daten hat f\u00fcr Fysica O\u00dc h\u00f6chste Sicherheitspriorit\u00e4t. Wir unternehmen alle Anstrengungen, um unbefugten Zugriff, Offenlegung und andere rechtswidrige Verarbeitung zu verhindern. Wir sch\u00fctzen die Vertraulichkeit und Integrit\u00e4t personenbezogener Daten und gew\u00e4hrleisten den Zugriff auf Daten gem\u00e4\u00df den geltenden Gesetzen.<\/p>\n<p>Wir haben angemessene und ausreichende organisatorische Ma\u00dfnahmen sowie technische und physische Beschr\u00e4nkungen getroffen, um die von uns erfassten und verarbeiteten personenbezogenen Daten zu sch\u00fctzen. Die eingesetzten Ma\u00dfnahmen h\u00e4ngen von der Art der personenbezogenen Daten und den m\u00f6glichen Folgen ihrer Offenlegung ab.<\/p>\n<p>Fysica O\u00dc hat die notwendigen technischen, physischen und organisatorischen Sicherheitsma\u00dfnahmen umgesetzt, um die personenbezogenen Daten (Daten) des Kunden vor Verlust und illegaler Verarbeitung zu sch\u00fctzen.<\/p>\n<p>6.2. Aufbewahrungsfrist \u2013 wie lange bewahren wir personenbezogene Daten auf?<\/p>\n<p>Fysica O\u00dc speichert personenbezogene Daten nur so lange, wie es zur Erreichung des Zwecks ihrer Erhebung erforderlich ist. Die Aufbewahrungsdauer h\u00e4ngt auch von der Notwendigkeit ab, auf Anfragen betroffener Personen zu reagieren, Probleme zu l\u00f6sen und gesetzliche Aufbewahrungspflichten f\u00fcr Dokumente zu erf\u00fcllen.<\/p>\n<p>Wenn wir die personenbezogenen Daten nicht mehr ben\u00f6tigen und nicht gesetzlich zur Aufbewahrung verpflichtet sind, l\u00f6schen wir die personenbezogenen Daten.<\/p>\n<p>Wir d\u00fcrfen die betreffenden Daten weiterhin zu statistischen Zwecken verwenden, jedoch nur in pseudonymisierter oder anonymisierter Form.<\/p>\n<p>Wenn Sie auch nur eine kleine Frage haben, schreiben Sie bitte an info@fysica.ee<\/p>\n<p>Rechte des Kunden (betroffene Person).<\/p>\n<p>Der Kunde hat das Recht, auf die von Fysica O\u00dc verarbeiteten pers\u00f6nlichen Daten des Kunden zuzugreifen und die Berichtigung unrichtiger personenbezogener Daten zu verlangen.<\/p>\n<p>Wenn der Kunde Fragen zu seinen Rechten hat oder der Meinung ist, dass Fysica O\u00dc seine Rechte bei der Verarbeitung seiner personenbezogenen Daten (Daten) verletzt hat, sollte er sich unbedingt an die E-Mail-Adresse info@fysica.ee wenden.<\/p>\n<p>Wenn Sie keine Marketingnachrichten von Fysica O\u00dc erhalten m\u00f6chten, k\u00f6nnen Sie sich abmelden, indem Sie den Anweisungen zum Abmelden in der Fu\u00dfzeile jeder Marketingnachricht folgen oder uns \u00fcber unsere Kontaktseite kontaktieren.<\/p>\n<p>Rechte der betroffenen Person<\/p>\n<p>Recht auf Berichtigung \u2013 ist das Recht der betroffenen Person, die unverz\u00fcgliche Berichtigung unrichtiger personenbezogener Daten, die sie betreffen, zu verlangen.<\/p>\n<p>Recht auf L\u00f6schung \u2013 ist das Recht der betroffenen Person, die unverz\u00fcgliche L\u00f6schung ihrer personenbezogenen Daten zu verlangen, wenn bestimmte zus\u00e4tzliche Bedingungen erf\u00fcllt sind.<\/p>\n<p>In bestimmten F\u00e4llen hat die betroffene Person das Recht, die Verarbeitung ihrer personenbezogenen Daten einzuschr\u00e4nken.<\/p>\n<p>Die betroffene Person hat das Recht auf Auskunft \u00fcber die personenbezogenen Daten, die wir \u00fcber sie speichern und die sie uns bereitgestellt hat, sowie das Recht, diese Daten einem anderen Verantwortlichen zu \u00fcbermitteln, sofern dies technisch m\u00f6glich ist und die Verarbeitung auf einer Einwilligung oder einem Vertrag beruht automatisiert.<\/p>\n<p>Aufgrund ihrer spezifischen Situation hat die betroffene Person jederzeit das Recht, der Verarbeitung ihrer personenbezogenen Daten, die auf der Grundlage der einschl\u00e4gigen gesetzlichen Bestimmungen erfolgt, einschlie\u00dflich der auf dieser Grundlage durchgef\u00fchrten Profilanalyse, zu widersprechen diese Bestimmungen.<\/p>\n<p>Sofern gesetzlich nichts anderes bestimmt ist, hat die betroffene Person das Recht, nicht einer Entscheidung \u00fcber sie unterliegen zu lassen, die ausschlie\u00dflich auf einer automatisierten Verarbeitung, einschlie\u00dflich Profiling, beruht und f\u00fcr die betroffene Person rechtliche Konsequenzen nach sich zieht oder erhebliche Auswirkungen auf sie hat.<\/p>\n<p>Sofern die Verarbeitung personenbezogener Daten auf der Einwilligung der betroffenen Person beruht, hat die betroffene Person das Recht, diese Einwilligung jederzeit zu widerrufen, ohne dass dadurch die Rechtm\u00e4\u00dfigkeit der aufgrund der Einwilligung vor dem Widerruf erfolgten Verarbeitung ber\u00fchrt wird.<\/p>\n<p>Wenn Sie diese Rechte aus\u00fcben m\u00f6chten, kontaktieren Sie uns bitte.<\/p>\n<p>Wenn Sie mit der von Fysica O\u00dc angebotenen L\u00f6sung nicht zufrieden sind, haben Sie das Recht, bei der Datenschutzinspektion der Republik Estland und beim Gericht Berufung einzulegen.<\/p>\n<p>Sonstige R\u00fcckstellungen<\/p>\n<p>Fysica O\u00dc beh\u00e4lt sich das Recht vor, die Verwendung von Cookies und die Datenschutzrichtlinie einseitig zu \u00e4ndern. Die neueste Version der Cookie-Nutzungs- und Datenschutzrichtlinie ist immer auf dieser Website verf\u00fcgbar.<\/p>\n<p>F\u00fcr die Verwendung von Cookies und die Datenschutzrichtlinie gelten die Gesetze der Republik Estland. Streitigkeiten oder Anspr\u00fcche, die sich aus der Police ergeben, werden vor dem Bezirksgericht Harju entschieden.<\/li>\n<\/ol>\n<p>&nbsp;<\/p>\n","protected":false},"excerpt":{"rendered":"<p>Benachrichtigung \u00fcber Cookie-Nutzung und Datenschutzrichtlinien Diese Mitteilung \u00fcber die Verwendung von Cookies und die Datenschutzrichtlinie (im Folgenden die Mitteilung) enth\u00e4lt [&hellip;]<\/p>\n","protected":false},"author":1,"featured_media":0,"parent":0,"menu_order":0,"comment_status":"closed","ping_status":"closed","template":"","meta":{"site-sidebar-layout":"default","site-content-layout":"","ast-site-content-layout":"default","site-content-style":"default","site-sidebar-style":"default","ast-global-header-display":"","ast-banner-title-visibility":"","ast-main-header-display":"","ast-hfb-above-header-display":"","ast-hfb-below-header-display":"","ast-hfb-mobile-header-display":"","site-post-title":"","ast-breadcrumbs-content":"","ast-featured-img":"","footer-sml-layout":"","theme-transparent-header-meta":"default","adv-header-id-meta":"","stick-header-meta":"","header-above-stick-meta":"","header-main-stick-meta":"","header-below-stick-meta":"","astra-migrate-meta-layouts":"set","ast-page-background-enabled":"default","ast-page-background-meta":{"desktop":{"background-color":"var(--ast-global-color-4)","background-image":"","background-repeat":"repeat","background-position":"center center","background-size":"auto","background-attachment":"scroll","background-type":"","background-media":"","overlay-type":"","overlay-color":"","overlay-opacity":"","overlay-gradient":""},"tablet":{"background-color":"","background-image":"","background-repeat":"repeat","background-position":"center center","background-size":"auto","background-attachment":"scroll","background-type":"","background-media":"","overlay-type":"","overlay-color":"","overlay-opacity":"","overlay-gradient":""},"mobile":{"background-color":"","background-image":"","background-repeat":"repeat","background-position":"center center","background-size":"auto","background-attachment":"scroll","background-type":"","background-media":"","overlay-type":"","overlay-color":"","overlay-opacity":"","overlay-gradient":""}},"ast-content-background-meta":{"desktop":{"background-color":"var(--ast-global-color-5)","background-image":"","background-repeat":"repeat","background-position":"center center","background-size":"auto","background-attachment":"scroll","background-type":"","background-media":"","overlay-type":"","overlay-color":"","overlay-opacity":"","overlay-gradient":""},"tablet":{"background-color":"var(--ast-global-color-5)","background-image":"","background-repeat":"repeat","background-position":"center center","background-size":"auto","background-attachment":"scroll","background-type":"","background-media":"","overlay-type":"","overlay-color":"","overlay-opacity":"","overlay-gradient":""},"mobile":{"background-color":"var(--ast-global-color-5)","background-image":"","background-repeat":"repeat","background-position":"center center","background-size":"auto","background-attachment":"scroll","background-type":"","background-media":"","overlay-type":"","overlay-color":"","overlay-opacity":"","overlay-gradient":""}},"footnotes":""},"class_list":["post-1295","page","type-page","status-publish","hentry"],"yoast_head":"<!-- This site is optimized with the Yoast SEO plugin v25.7 - https:\/\/yoast.com\/wordpress\/plugins\/seo\/ -->\n<title>Datenschutzrichtlinie - Fysica O\u00dc - kvaliteetsed k\u00e4sit\u00f6\u00f6r\u00f5ivad<\/title>\n<meta name=\"robots\" content=\"index, follow, max-snippet:-1, max-image-preview:large, max-video-preview:-1\" \/>\n<link rel=\"canonical\" href=\"https:\/\/www.fysica.ee\/de\/datenschutzrichtlinie\/\" \/>\n<meta property=\"og:locale\" content=\"de_DE\" \/>\n<meta property=\"og:type\" content=\"article\" \/>\n<meta property=\"og:title\" content=\"Datenschutzrichtlinie - Fysica O\u00dc - kvaliteetsed k\u00e4sit\u00f6\u00f6r\u00f5ivad\" \/>\n<meta property=\"og:description\" content=\"Benachrichtigung \u00fcber Cookie-Nutzung und Datenschutzrichtlinien Diese Mitteilung \u00fcber die Verwendung von Cookies und die Datenschutzrichtlinie (im Folgenden die Mitteilung) enth\u00e4lt [&hellip;]\" \/>\n<meta property=\"og:url\" content=\"https:\/\/www.fysica.ee\/de\/datenschutzrichtlinie\/\" \/>\n<meta property=\"og:site_name\" content=\"Fysica O\u00dc - kvaliteetsed k\u00e4sit\u00f6\u00f6r\u00f5ivad\" \/>\n<meta property=\"article:modified_time\" content=\"2024-12-12T13:33:42+00:00\" \/>\n<meta name=\"twitter:card\" content=\"summary_large_image\" \/>\n<meta name=\"twitter:label1\" content=\"Gesch\u00e4tzte Lesezeit\" \/>\n\t<meta name=\"twitter:data1\" content=\"10\u00a0Minuten\" \/>\n<script type=\"application\/ld+json\" class=\"yoast-schema-graph\">{\"@context\":\"https:\/\/schema.org\",\"@graph\":[{\"@type\":\"WebPage\",\"@id\":\"https:\/\/www.fysica.ee\/de\/datenschutzrichtlinie\/\",\"url\":\"https:\/\/www.fysica.ee\/de\/datenschutzrichtlinie\/\",\"name\":\"Datenschutzrichtlinie - Fysica O\u00dc - kvaliteetsed k\u00e4sit\u00f6\u00f6r\u00f5ivad\",\"isPartOf\":{\"@id\":\"https:\/\/fysica.ee\/#website\"},\"datePublished\":\"2024-11-19T15:17:37+00:00\",\"dateModified\":\"2024-12-12T13:33:42+00:00\",\"breadcrumb\":{\"@id\":\"https:\/\/www.fysica.ee\/de\/datenschutzrichtlinie\/#breadcrumb\"},\"inLanguage\":\"de\",\"potentialAction\":[{\"@type\":\"ReadAction\",\"target\":[\"https:\/\/www.fysica.ee\/de\/datenschutzrichtlinie\/\"]}]},{\"@type\":\"BreadcrumbList\",\"@id\":\"https:\/\/www.fysica.ee\/de\/datenschutzrichtlinie\/#breadcrumb\",\"itemListElement\":[{\"@type\":\"ListItem\",\"position\":1,\"name\":\"Home\",\"item\":\"https:\/\/fysica.ee\/de\/\"},{\"@type\":\"ListItem\",\"position\":2,\"name\":\"Datenschutzrichtlinie\"}]},{\"@type\":\"WebSite\",\"@id\":\"https:\/\/fysica.ee\/#website\",\"url\":\"https:\/\/fysica.ee\/\",\"name\":\"Fysica O\u00dc - kvaliteetsed k\u00e4sit\u00f6\u00f6r\u00f5ivad\",\"description\":\"Fysica O\u00dc - kvaliteetsed k\u00e4sit\u00f6\u00f6r\u00f5ivad\",\"publisher\":{\"@id\":\"https:\/\/fysica.ee\/#organization\"},\"potentialAction\":[{\"@type\":\"SearchAction\",\"target\":{\"@type\":\"EntryPoint\",\"urlTemplate\":\"https:\/\/fysica.ee\/?s={search_term_string}\"},\"query-input\":{\"@type\":\"PropertyValueSpecification\",\"valueRequired\":true,\"valueName\":\"search_term_string\"}}],\"inLanguage\":\"de\"},{\"@type\":\"Organization\",\"@id\":\"https:\/\/fysica.ee\/#organization\",\"name\":\"Fysica O\u00dc\",\"url\":\"https:\/\/fysica.ee\/\",\"logo\":{\"@type\":\"ImageObject\",\"inLanguage\":\"de\",\"@id\":\"https:\/\/fysica.ee\/#\/schema\/logo\/image\/\",\"url\":\"https:\/\/www.fysica.ee\/wp-content\/uploads\/2024\/11\/Fysica-logo.png\",\"contentUrl\":\"https:\/\/www.fysica.ee\/wp-content\/uploads\/2024\/11\/Fysica-logo.png\",\"width\":390,\"height\":300,\"caption\":\"Fysica O\u00dc\"},\"image\":{\"@id\":\"https:\/\/fysica.ee\/#\/schema\/logo\/image\/\"}}]}<\/script>\n<!-- \/ Yoast SEO plugin. -->","yoast_head_json":{"title":"Datenschutzrichtlinie - Fysica O\u00dc - kvaliteetsed k\u00e4sit\u00f6\u00f6r\u00f5ivad","robots":{"index":"index","follow":"follow","max-snippet":"max-snippet:-1","max-image-preview":"max-image-preview:large","max-video-preview":"max-video-preview:-1"},"canonical":"https:\/\/www.fysica.ee\/de\/datenschutzrichtlinie\/","og_locale":"de_DE","og_type":"article","og_title":"Datenschutzrichtlinie - Fysica O\u00dc - kvaliteetsed k\u00e4sit\u00f6\u00f6r\u00f5ivad","og_description":"Benachrichtigung \u00fcber Cookie-Nutzung und Datenschutzrichtlinien Diese Mitteilung \u00fcber die Verwendung von Cookies und die Datenschutzrichtlinie (im Folgenden die Mitteilung) enth\u00e4lt [&hellip;]","og_url":"https:\/\/www.fysica.ee\/de\/datenschutzrichtlinie\/","og_site_name":"Fysica O\u00dc - kvaliteetsed k\u00e4sit\u00f6\u00f6r\u00f5ivad","article_modified_time":"2024-12-12T13:33:42+00:00","twitter_card":"summary_large_image","twitter_misc":{"Gesch\u00e4tzte Lesezeit":"10\u00a0Minuten"},"schema":{"@context":"https:\/\/schema.org","@graph":[{"@type":"WebPage","@id":"https:\/\/www.fysica.ee\/de\/datenschutzrichtlinie\/","url":"https:\/\/www.fysica.ee\/de\/datenschutzrichtlinie\/","name":"Datenschutzrichtlinie - Fysica O\u00dc - kvaliteetsed k\u00e4sit\u00f6\u00f6r\u00f5ivad","isPartOf":{"@id":"https:\/\/fysica.ee\/#website"},"datePublished":"2024-11-19T15:17:37+00:00","dateModified":"2024-12-12T13:33:42+00:00","breadcrumb":{"@id":"https:\/\/www.fysica.ee\/de\/datenschutzrichtlinie\/#breadcrumb"},"inLanguage":"de","potentialAction":[{"@type":"ReadAction","target":["https:\/\/www.fysica.ee\/de\/datenschutzrichtlinie\/"]}]},{"@type":"BreadcrumbList","@id":"https:\/\/www.fysica.ee\/de\/datenschutzrichtlinie\/#breadcrumb","itemListElement":[{"@type":"ListItem","position":1,"name":"Home","item":"https:\/\/fysica.ee\/de\/"},{"@type":"ListItem","position":2,"name":"Datenschutzrichtlinie"}]},{"@type":"WebSite","@id":"https:\/\/fysica.ee\/#website","url":"https:\/\/fysica.ee\/","name":"Fysica O\u00dc - kvaliteetsed k\u00e4sit\u00f6\u00f6r\u00f5ivad","description":"Fysica O\u00dc - kvaliteetsed k\u00e4sit\u00f6\u00f6r\u00f5ivad","publisher":{"@id":"https:\/\/fysica.ee\/#organization"},"potentialAction":[{"@type":"SearchAction","target":{"@type":"EntryPoint","urlTemplate":"https:\/\/fysica.ee\/?s={search_term_string}"},"query-input":{"@type":"PropertyValueSpecification","valueRequired":true,"valueName":"search_term_string"}}],"inLanguage":"de"},{"@type":"Organization","@id":"https:\/\/fysica.ee\/#organization","name":"Fysica O\u00dc","url":"https:\/\/fysica.ee\/","logo":{"@type":"ImageObject","inLanguage":"de","@id":"https:\/\/fysica.ee\/#\/schema\/logo\/image\/","url":"https:\/\/www.fysica.ee\/wp-content\/uploads\/2024\/11\/Fysica-logo.png","contentUrl":"https:\/\/www.fysica.ee\/wp-content\/uploads\/2024\/11\/Fysica-logo.png","width":390,"height":300,"caption":"Fysica O\u00dc"},"image":{"@id":"https:\/\/fysica.ee\/#\/schema\/logo\/image\/"}}]}},"_links":{"self":[{"href":"https:\/\/www.fysica.ee\/de\/wp-json\/wp\/v2\/pages\/1295","targetHints":{"allow":["GET"]}}],"collection":[{"href":"https:\/\/www.fysica.ee\/de\/wp-json\/wp\/v2\/pages"}],"about":[{"href":"https:\/\/www.fysica.ee\/de\/wp-json\/wp\/v2\/types\/page"}],"author":[{"embeddable":true,"href":"https:\/\/www.fysica.ee\/de\/wp-json\/wp\/v2\/users\/1"}],"replies":[{"embeddable":true,"href":"https:\/\/www.fysica.ee\/de\/wp-json\/wp\/v2\/comments?post=1295"}],"version-history":[{"count":2,"href":"https:\/\/www.fysica.ee\/de\/wp-json\/wp\/v2\/pages\/1295\/revisions"}],"predecessor-version":[{"id":1299,"href":"https:\/\/www.fysica.ee\/de\/wp-json\/wp\/v2\/pages\/1295\/revisions\/1299"}],"wp:attachment":[{"href":"https:\/\/www.fysica.ee\/de\/wp-json\/wp\/v2\/media?parent=1295"}],"curies":[{"name":"wp","href":"https:\/\/api.w.org\/{rel}","templated":true}]}}